{"id":1777,"date":"2015-09-11T12:46:13","date_gmt":"2015-09-11T09:46:13","guid":{"rendered":"http:\/\/adviser.axiomthemes.com\/?page_id=1777"},"modified":"2021-09-08T15:50:36","modified_gmt":"2021-09-08T12:50:36","slug":"home","status":"publish","type":"page","link":"http:\/\/www.euroteam.com.ro\/ro\/","title":{"rendered":"Home"},"content":{"rendered":"<p>[vc_row][vc_column]<!-- #TRX_GAP_START# --><div class=\"sc_section\" style=\"background-color:#f4f7fa; \"><div class=\"sc_section_overlay\" style=\"\"><div class=\"sc_section_content\"><div class=\"sc_content content_wrap\" style=\"margin-bottom:5.5em !important;\"><h2 class=\"sc_title sc_title_regular sc_align_center fig_border\" style=\"margin-top:1.8em;text-align:center;\">Oferim cele mai bune servicii<\/h2><div class=\"sc_section aligncenter column-3_5\" data-animation=\"animated fadeInUp normal\" style=\" line-height: 1.5em !important;margin-top:2em !important;margin-bottom:3.3em !important;font-size:1.143em; line-height: 1.3em; \"><\/div><div class=\"columns_wrap sc_columns columns_nofluid sc_columns_count_4\" data-animation=\"animated fadeInUp normal\"><div class=\"column-1_4 sc_column_item sc_column_item_1 odd first\"><div class=\"sc_column_item_inner\" style=\"background-color:#ffffff;\"><div class=\"sc_section\" style=\" padding: 1.3em; \"><span class=\"sc_icon icon-home-3\" style=\"font-size:3.6em; line-height: 1em;color:#209de2;\"><\/span><h5 class=\"sc_title sc_title_regular sc_align_left \" style=\"margin-top:0.7em;text-align:left;font-size:1.429em;\">Serviciu al domiciliului legal<\/h5>[vc_column_text]Este un pachet de servicii ce faciliteaza alegerea unui sediu social, legal sau secundar.[\/vc_column_text]<a href=\"http:\/\/www.euroteam.com.ro\/serviciu-de-domiciliere-legala\/\" class=\"sc_button button-hover sc_button_square sc_button_style_clear sc_button_bg_link sc_button_size_small  sc_button_iconed inherit\" style=\"margin-top:1.5em;margin-bottom:0px;color:#209de2;\" data-text=\"Mai multe\">Mai multe<\/a><\/div><\/div><\/div><div class=\"column-1_4 sc_column_item sc_column_item_2 even\"><div class=\"sc_column_item_inner\" style=\"background-color:#ffffff;\"><div class=\"sc_section\" style=\" padding: 1.3em; \"><span class=\"sc_icon icon-money1\" style=\"font-size:3.6em; line-height: 1em;color:#209de2;\"><\/span><h5 class=\"sc_title sc_title_regular sc_align_left \" style=\"margin-top:0.7em;text-align:left;font-size:1.429em;\">Consultanta intreprinderi de dezvoltare pe pie\u021bele interna\u021bionale<\/h5>[vc_column_text]Deschiderea c\u0103tre \u021b\u0103ri str\u0103ine reprezint\u0103 o oportunitate interesant\u0103 pentru IMM-uri italiene s\u0103-\u0219i dezvolte afacerea \u0219i de a spori \u00een mod semnificativ competitivitatea.[\/vc_column_text]<a href=\"http:\/\/www.euroteam.com.ro\/ro\/consultanta-pt-dezvoltarea-firmei-pe-pietele-internationale\/\" class=\"sc_button button-hover sc_button_square sc_button_style_clear sc_button_bg_link sc_button_size_small  sc_button_iconed inherit\" style=\"margin-top:1.5em;margin-bottom:0px;color:#209de2;\" data-text=\"Mai multe\">Mai multe<\/a><\/div><\/div><\/div><div class=\"column-1_4 sc_column_item sc_column_item_3 odd\"><div class=\"sc_column_item_inner\" style=\"background-color:#ffffff;\"><div class=\"sc_section\" style=\" padding: 1.3em; \"><span class=\"sc_icon icon-moneypig\" style=\"font-size:3.6em; line-height: 1em;color:#209de2;\"><\/span><h5 class=\"sc_title sc_title_regular sc_align_left \" style=\"margin-top:0.7em;text-align:left;font-size:1.429em;\">Oportunitati de afaceri<\/h5>[vc_column_text]Societatea\u00a0<strong>EPC<\/strong> este specializat\u0103 \u00een explorarea \u0219i analiza serviciilor de pia\u021b\u0103 locale, acord\u00e2nd o aten\u021bie deosebit\u0103 defini\u021biilor liniilor de dezvoltare socio-economice ale \u021b\u0103rii analoge.[\/vc_column_text]<a href=\"http:\/\/www.euroteam.com.ro\/ro\/oportunitati-de-afaceri\/\" class=\"sc_button button-hover sc_button_square sc_button_style_clear sc_button_bg_link sc_button_size_small  sc_button_iconed inherit\" style=\"margin-top:1.5em;margin-bottom:0px;color:#209de2;\" data-text=\"Mai multe\">Mai multe<\/a><\/div><\/div><\/div><div class=\"column-1_4 sc_column_item sc_column_item_4 even\"><div class=\"sc_column_item_inner\" style=\"background-color:#ffffff;\"><div class=\"sc_section\" style=\" padding: 1.3em; \"><span class=\"sc_icon icon-gold2\" style=\"font-size:3.6em; line-height: 1em;color:#209de2;\"><\/span><h5 class=\"sc_title sc_title_regular sc_align_left \" style=\"margin-top:0.7em;text-align:left;font-size:1.429em;\">Contencios<\/h5>[vc_column_text]Politica <strong>EPC<\/strong>, ori de c\u00e2te ori este posibil \u0219i oportun, s\u0103 \u00eencerce s\u0103 ajung\u0103 pentru clien\u021bii o solu\u021bionare pe cale amiabil\u0103 a litigiilor prin negociere \u0219i \u00eencheierea de tranzac\u021bii, mai degrab\u0103 dec\u00e2t imediat recurgerea la proceduri judiciare.[\/vc_column_text]<a href=\"http:\/\/www.euroteam.com.ro\/ro\/contencios\/\" class=\"sc_button button-hover sc_button_square sc_button_style_clear sc_button_bg_link sc_button_size_small  sc_button_iconed inherit\" style=\"margin-top:1.5em;margin-bottom:0px;color:#209de2;\" data-text=\"Mai multe\">Mai multe<\/a><\/div><\/div><\/div><\/div><\/div><\/div><\/div><\/div><!-- #TRX_GAP_END# -->[\/vc_column][\/vc_row]<\/p>","protected":false},"excerpt":{"rendered":"<p>[vc_row][vc_column][\/vc_column][\/vc_row]<\/p>\n","protected":false},"author":1,"featured_media":0,"parent":0,"menu_order":0,"comment_status":"open","ping_status":"closed","template":"","meta":{"footnotes":""},"class_list":["post-1777","page","type-page","status-publish","hentry"],"yoast_head":"<!-- This site is optimized with the Yoast SEO plugin v26.8 - https:\/\/yoast.com\/product\/yoast-seo-wordpress\/ -->\n<title>Home - Euroteam Profesional Corporation<\/title>\n<meta name=\"robots\" content=\"index, follow, max-snippet:-1, max-image-preview:large, max-video-preview:-1\" \/>\n<link rel=\"canonical\" href=\"http:\/\/www.euroteam.com.ro\/en\/\" \/>\n<meta property=\"og:locale\" content=\"ro_RO\" \/>\n<meta property=\"og:type\" content=\"article\" \/>\n<meta property=\"og:title\" content=\"Home - Euroteam Profesional Corporation\" \/>\n<meta property=\"og:description\" content=\"[vc_row][vc_column][\/vc_column][\/vc_row]\" \/>\n<meta property=\"og:url\" content=\"http:\/\/www.euroteam.com.ro\/en\/\" \/>\n<meta property=\"og:site_name\" content=\"Euroteam Profesional Corporation\" \/>\n<meta property=\"article:modified_time\" content=\"2021-09-08T12:50:36+00:00\" \/>\n<meta name=\"twitter:card\" content=\"summary_large_image\" \/>\n<meta name=\"twitter:label1\" content=\"Timp estimat pentru citire\" \/>\n\t<meta name=\"twitter:data1\" content=\"1 minut\" \/>\n<script type=\"application\/ld+json\" class=\"yoast-schema-graph\">{\"@context\":\"https:\/\/schema.org\",\"@graph\":[{\"@type\":\"WebPage\",\"@id\":\"http:\/\/www.euroteam.com.ro\/en\/\",\"url\":\"http:\/\/www.euroteam.com.ro\/en\/\",\"name\":\"Home - Euroteam Profesional Corporation\",\"isPartOf\":{\"@id\":\"http:\/\/www.euroteam.com.ro\/ro\/#website\"},\"datePublished\":\"2015-09-11T09:46:13+00:00\",\"dateModified\":\"2021-09-08T12:50:36+00:00\",\"breadcrumb\":{\"@id\":\"http:\/\/www.euroteam.com.ro\/en\/#breadcrumb\"},\"inLanguage\":\"ro-RO\",\"potentialAction\":[{\"@type\":\"ReadAction\",\"target\":[\"http:\/\/www.euroteam.com.ro\/en\/\"]}]},{\"@type\":\"BreadcrumbList\",\"@id\":\"http:\/\/www.euroteam.com.ro\/en\/#breadcrumb\",\"itemListElement\":[{\"@type\":\"ListItem\",\"position\":1,\"name\":\"Prima pagin\u0103\",\"item\":\"http:\/\/www.euroteam.com.ro\/en\/\"},{\"@type\":\"ListItem\",\"position\":2,\"name\":\"Home\"}]},{\"@type\":\"WebSite\",\"@id\":\"http:\/\/www.euroteam.com.ro\/ro\/#website\",\"url\":\"http:\/\/www.euroteam.com.ro\/ro\/\",\"name\":\"Euroteam Profesional Corporation\",\"description\":\"\",\"potentialAction\":[{\"@type\":\"SearchAction\",\"target\":{\"@type\":\"EntryPoint\",\"urlTemplate\":\"http:\/\/www.euroteam.com.ro\/ro\/?s={search_term_string}\"},\"query-input\":{\"@type\":\"PropertyValueSpecification\",\"valueRequired\":true,\"valueName\":\"search_term_string\"}}],\"inLanguage\":\"ro-RO\"}]}<\/script>\n<!-- \/ Yoast SEO plugin. -->","yoast_head_json":{"title":"Home - Euroteam Profesional Corporation","robots":{"index":"index","follow":"follow","max-snippet":"max-snippet:-1","max-image-preview":"max-image-preview:large","max-video-preview":"max-video-preview:-1"},"canonical":"http:\/\/www.euroteam.com.ro\/en\/","og_locale":"ro_RO","og_type":"article","og_title":"Home - Euroteam Profesional Corporation","og_description":"[vc_row][vc_column][\/vc_column][\/vc_row]","og_url":"http:\/\/www.euroteam.com.ro\/en\/","og_site_name":"Euroteam Profesional Corporation","article_modified_time":"2021-09-08T12:50:36+00:00","twitter_card":"summary_large_image","twitter_misc":{"Timp estimat pentru citire":"1 minut"},"schema":{"@context":"https:\/\/schema.org","@graph":[{"@type":"WebPage","@id":"http:\/\/www.euroteam.com.ro\/en\/","url":"http:\/\/www.euroteam.com.ro\/en\/","name":"Home - Euroteam Profesional Corporation","isPartOf":{"@id":"http:\/\/www.euroteam.com.ro\/ro\/#website"},"datePublished":"2015-09-11T09:46:13+00:00","dateModified":"2021-09-08T12:50:36+00:00","breadcrumb":{"@id":"http:\/\/www.euroteam.com.ro\/en\/#breadcrumb"},"inLanguage":"ro-RO","potentialAction":[{"@type":"ReadAction","target":["http:\/\/www.euroteam.com.ro\/en\/"]}]},{"@type":"BreadcrumbList","@id":"http:\/\/www.euroteam.com.ro\/en\/#breadcrumb","itemListElement":[{"@type":"ListItem","position":1,"name":"Prima pagin\u0103","item":"http:\/\/www.euroteam.com.ro\/en\/"},{"@type":"ListItem","position":2,"name":"Home"}]},{"@type":"WebSite","@id":"http:\/\/www.euroteam.com.ro\/ro\/#website","url":"http:\/\/www.euroteam.com.ro\/ro\/","name":"Euroteam Profesional Corporation","description":"","potentialAction":[{"@type":"SearchAction","target":{"@type":"EntryPoint","urlTemplate":"http:\/\/www.euroteam.com.ro\/ro\/?s={search_term_string}"},"query-input":{"@type":"PropertyValueSpecification","valueRequired":true,"valueName":"search_term_string"}}],"inLanguage":"ro-RO"}]}},"_links":{"self":[{"href":"http:\/\/www.euroteam.com.ro\/ro\/wp-json\/wp\/v2\/pages\/1777","targetHints":{"allow":["GET"]}}],"collection":[{"href":"http:\/\/www.euroteam.com.ro\/ro\/wp-json\/wp\/v2\/pages"}],"about":[{"href":"http:\/\/www.euroteam.com.ro\/ro\/wp-json\/wp\/v2\/types\/page"}],"author":[{"embeddable":true,"href":"http:\/\/www.euroteam.com.ro\/ro\/wp-json\/wp\/v2\/users\/1"}],"replies":[{"embeddable":true,"href":"http:\/\/www.euroteam.com.ro\/ro\/wp-json\/wp\/v2\/comments?post=1777"}],"version-history":[{"count":46,"href":"http:\/\/www.euroteam.com.ro\/ro\/wp-json\/wp\/v2\/pages\/1777\/revisions"}],"predecessor-version":[{"id":2256,"href":"http:\/\/www.euroteam.com.ro\/ro\/wp-json\/wp\/v2\/pages\/1777\/revisions\/2256"}],"wp:attachment":[{"href":"http:\/\/www.euroteam.com.ro\/ro\/wp-json\/wp\/v2\/media?parent=1777"}],"curies":[{"name":"wp","href":"https:\/\/api.w.org\/{rel}","templated":true}]}}