{"id":1850,"date":"2016-09-28T14:21:51","date_gmt":"2016-09-28T11:21:51","guid":{"rendered":"http:\/\/www.euroteam.com.ro\/?page_id=1850"},"modified":"2018-02-05T15:12:42","modified_gmt":"2018-02-05T12:12:42","slug":"politica-dello-studio","status":"publish","type":"page","link":"http:\/\/www.euroteam.com.ro\/ro\/politica-dello-studio\/","title":{"rendered":"Despre noi"},"content":{"rendered":"<p>[vc_row][vc_column]<!-- #TRX_GAP_START# --><div class=\"sc_section\"><div class=\"sc_content content_wrap\"><h4 class=\"sc_title sc_title_divider \"><span class=\"sc_title_divider_before\"><\/span>Despre noi<span class=\"sc_title_divider_after\"><\/span><\/h4>[vc_empty_space][vc_column_text]<\/p>\n<h5><strong>Atentia pe care o acordam clientilor<\/strong><\/h5>\n<p style=\"text-align: justify;\"><img loading=\"lazy\" decoding=\"async\" class=\" wp-image-1852 alignleft\" src=\"http:\/\/www.euroteam.com.ro\/wp-content\/uploads\/2016\/09\/se2.jpg\" alt=\"se2\" width=\"122\" height=\"146\" srcset=\"http:\/\/www.euroteam.com.ro\/wp-content\/uploads\/2016\/09\/se2.jpg 97w, http:\/\/www.euroteam.com.ro\/wp-content\/uploads\/2016\/09\/se2-68x81.jpg 68w\" sizes=\"auto, (max-width: 122px) 100vw, 122px\" \/>Obiectivul nostru principal este acela de a \u00een\u0163elege \u015fi a \u00eendeplini a\u015ftept\u0103rile profesionale ale clien\u0163ilor \u015fi de a ajunge s\u0103 fim considera\u0163i o parte esen\u0163ial\u0103 din organizarea acestora. Credem c\u0103 este fundamental s\u0103 ne concentr\u0103m eforturile spre o \u00eendeplinire optim\u0103 a rezultatelor stabilite, dat fiind c\u0103 succesul ob\u0163inut de clientul nostru este o m\u0103sur\u0103 a succesului team-ului nostru.<\/p>\n<p style=\"text-align: justify;\">Profesionalismul inalt si competenta multidisciplinara a echipei ofera servicii poli-functionale si flexibile societatilor prin intermediul unei activitati de consultanta tout court si de sprijin pentru investitiile efectuate pe pietele straine. Spre deosebire de alte societati de consultanta, gama serviciilor oferite include si aplicatii de dezvoltare web, de marketing, produse financiare si servicii informatice.<\/p>\n<p style=\"text-align: justify;\">Le oferim clientilor nostri un serviciu profesional de cel mai \u00eenalt nivel, combin\u00e2nd excelenta tehnica, cunoasterea dinamicilor comerciale si o abordare constructiva, practica a aspectelor legale. Succesul metodei noastre este facut posibil de dialogul zilnic cu celelalte birouri de avocatura internationale.<\/p>\n<p>[\/vc_column_text][vc_column_text]<\/p>\n<h5><strong>Valorile noastre<\/strong><\/h5>\n<p>E \u2013 Excelenta \u2013 ne dam silinta sa obtinem excelenta \u00een tot ceea ce facem<br \/>\nU \u2013 Unitate<br \/>\nR \u2013 Resurse \u00een avangarda<br \/>\nO \u2013 Organizare<br \/>\nT \u2013 Time management<br \/>\nE \u2013 Experienta<br \/>\nA \u2013 Atentie si ambitie \u00een tot ceea ce facem<br \/>\nM \u2013 Motivare<\/p>\n<h5><strong>Onorariile noastre<\/strong><\/h5>\n<p>Metoda de tarifare pe care o propunem este caracterizat\u0103 de o varietate de op\u0163iuni \u015fi de o flexibilitate total\u0103. Discut\u0103m deschis \u015fi anticipat despre termenii economici cu clien\u0163ii no\u015ftri \u015fi le oferim informa\u0163ii periodice detaliind activit\u0103\u0163ile realizate, cheltuielile suportate \u015fi cele care trebuie suportate. Sistemele de tarifare propuse de noi variaz\u0103 \u00een special pe baza activit\u0103\u0163ii care trebuie desf\u0103\u015furate \u015fi a cerin\u0163elor clientului.<\/p>\n<p>Cu titlu exemplificativ \u015fi neexhaustiv, acestea pot fi rezumate dup\u0103 cum urmeaz\u0103:<\/p>\n<p>Acord de consultan\u0163\u0103 pe baz\u0103 continu\u0103 &#8211; acest sistem de tarifare se adapteaz\u0103 clientului care are nevoie de o consultan\u0163\u0103 pe termen mediu sau lung \u015fi care inten\u0163ioneaz\u0103 s\u0103 stabileasc\u0103 cu biroul nostru un raport de colaborare profesional\u0103 de durat\u0103. Acesta se \u00eencheie \u00een mod normal pe baza unui num\u0103r de ore lunar \u015fi a unei sume fixe corespunz\u0103toare num\u0103rului de ore.<\/p>\n<p>Acord de consultan\u0163\u0103 pentru anumite activit\u0103\u0163i \u2013 acest sistem de tarifare este preferabil \u00een cazul \u00een care clientul are nevoie de asisten\u0163\u0103 legal\u0103 una tantum (constituirea unor societ\u0103\u0163i comerciale, interven\u0163ii \u00een procese, redactarea unui contract, etc.). Tarifele aplicabile \u00een acest caz pot fi tarife orare sau o sum\u0103 fix\u0103 \u00een cazul serviciilor standard, a c\u0103ror prestare poate fi cuantificat\u0103 \u00een termeni temporali \u015fi care \u00een mod normal nu este supus\u0103 unor modific\u0103ri importante.<\/p>\n<p>Dac\u0103 dori\u0163i s\u0103 ne contacta\u0163i, s\u0103 venim la sediul societ\u0103\u0163ii dvs. sau pentru o prezentare a serviciilor \u015fi produselor noastre, v\u0103 rug\u0103m s\u0103 ne trimite\u0163i un e-mail la: <a href=\"mailto:office@euroteam.com.ro\">office@euroteam.com.ro <\/a>[\/vc_column_text]<\/div><\/div><!-- #TRX_GAP_END# -->[\/vc_column][\/vc_row]<\/p>","protected":false},"excerpt":{"rendered":"<p>[vc_row][vc_column][\/vc_column][\/vc_row]<\/p>\n","protected":false},"author":1,"featured_media":0,"parent":0,"menu_order":0,"comment_status":"closed","ping_status":"closed","template":"","meta":{"footnotes":""},"class_list":["post-1850","page","type-page","status-publish","hentry"],"yoast_head":"<!-- This site is optimized with the Yoast SEO plugin v26.8 - https:\/\/yoast.com\/product\/yoast-seo-wordpress\/ -->\n<title>Politica dello studio - Euroteam Profesional Corporation<\/title>\n<meta name=\"description\" content=\"Politica dello studio - il nostro principale obbiettivo \u00e8 comprendere e soddisfare le aspettative professionali del cliente parte essenziale.\" \/>\n<meta name=\"robots\" content=\"index, follow, max-snippet:-1, max-image-preview:large, max-video-preview:-1\" \/>\n<link rel=\"canonical\" href=\"http:\/\/www.euroteam.com.ro\/politica-dello-studio\/\" \/>\n<meta property=\"og:locale\" content=\"ro_RO\" \/>\n<meta property=\"og:type\" content=\"article\" \/>\n<meta property=\"og:title\" content=\"Politica dello studio - Euroteam Profesional Corporation\" \/>\n<meta property=\"og:description\" content=\"Politica dello studio - il nostro principale obbiettivo \u00e8 comprendere e soddisfare le aspettative professionali del cliente parte essenziale.\" \/>\n<meta property=\"og:url\" content=\"http:\/\/www.euroteam.com.ro\/politica-dello-studio\/\" \/>\n<meta property=\"og:site_name\" content=\"Euroteam Profesional Corporation\" \/>\n<meta property=\"article:modified_time\" content=\"2018-02-05T12:12:42+00:00\" \/>\n<meta property=\"og:image\" content=\"http:\/\/www.euroteam.com.ro\/wp-content\/uploads\/2016\/09\/se2.jpg\" \/>\n<meta name=\"twitter:card\" content=\"summary_large_image\" \/>\n<meta name=\"twitter:label1\" content=\"Timp estimat pentru citire\" \/>\n\t<meta name=\"twitter:data1\" content=\"7 minute\" \/>\n<script type=\"application\/ld+json\" class=\"yoast-schema-graph\">{\"@context\":\"https:\/\/schema.org\",\"@graph\":[{\"@type\":\"WebPage\",\"@id\":\"http:\/\/www.euroteam.com.ro\/politica-dello-studio\/\",\"url\":\"http:\/\/www.euroteam.com.ro\/politica-dello-studio\/\",\"name\":\"Politica dello studio - Euroteam Profesional Corporation\",\"isPartOf\":{\"@id\":\"https:\/\/www.euroteam.com.ro\/ro\/#website\"},\"primaryImageOfPage\":{\"@id\":\"http:\/\/www.euroteam.com.ro\/politica-dello-studio\/#primaryimage\"},\"image\":{\"@id\":\"http:\/\/www.euroteam.com.ro\/politica-dello-studio\/#primaryimage\"},\"thumbnailUrl\":\"http:\/\/www.euroteam.com.ro\/wp-content\/uploads\/2016\/09\/se2.jpg\",\"datePublished\":\"2016-09-28T11:21:51+00:00\",\"dateModified\":\"2018-02-05T12:12:42+00:00\",\"description\":\"Politica dello studio - il nostro principale obbiettivo \u00e8 comprendere e soddisfare le aspettative professionali del cliente parte essenziale.\",\"breadcrumb\":{\"@id\":\"http:\/\/www.euroteam.com.ro\/politica-dello-studio\/#breadcrumb\"},\"inLanguage\":\"ro-RO\",\"potentialAction\":[{\"@type\":\"ReadAction\",\"target\":[\"http:\/\/www.euroteam.com.ro\/politica-dello-studio\/\"]}]},{\"@type\":\"ImageObject\",\"inLanguage\":\"ro-RO\",\"@id\":\"http:\/\/www.euroteam.com.ro\/politica-dello-studio\/#primaryimage\",\"url\":\"http:\/\/www.euroteam.com.ro\/wp-content\/uploads\/2016\/09\/se2.jpg\",\"contentUrl\":\"http:\/\/www.euroteam.com.ro\/wp-content\/uploads\/2016\/09\/se2.jpg\"},{\"@type\":\"BreadcrumbList\",\"@id\":\"http:\/\/www.euroteam.com.ro\/politica-dello-studio\/#breadcrumb\",\"itemListElement\":[{\"@type\":\"ListItem\",\"position\":1,\"name\":\"Prima pagin\u0103\",\"item\":\"https:\/\/www.euroteam.com.ro\/ro\/\"},{\"@type\":\"ListItem\",\"position\":2,\"name\":\"Politica dello studio\"}]},{\"@type\":\"WebSite\",\"@id\":\"https:\/\/www.euroteam.com.ro\/ro\/#website\",\"url\":\"https:\/\/www.euroteam.com.ro\/ro\/\",\"name\":\"Euroteam Profesional Corporation\",\"description\":\"\",\"potentialAction\":[{\"@type\":\"SearchAction\",\"target\":{\"@type\":\"EntryPoint\",\"urlTemplate\":\"https:\/\/www.euroteam.com.ro\/ro\/?s={search_term_string}\"},\"query-input\":{\"@type\":\"PropertyValueSpecification\",\"valueRequired\":true,\"valueName\":\"search_term_string\"}}],\"inLanguage\":\"ro-RO\"}]}<\/script>\n<!-- \/ Yoast SEO plugin. -->","yoast_head_json":{"title":"Politica dello studio - Euroteam Profesional Corporation","description":"Politica dello studio - il nostro principale obbiettivo \u00e8 comprendere e soddisfare le aspettative professionali del cliente parte essenziale.","robots":{"index":"index","follow":"follow","max-snippet":"max-snippet:-1","max-image-preview":"max-image-preview:large","max-video-preview":"max-video-preview:-1"},"canonical":"http:\/\/www.euroteam.com.ro\/politica-dello-studio\/","og_locale":"ro_RO","og_type":"article","og_title":"Politica dello studio - Euroteam Profesional Corporation","og_description":"Politica dello studio - il nostro principale obbiettivo \u00e8 comprendere e soddisfare le aspettative professionali del cliente parte essenziale.","og_url":"http:\/\/www.euroteam.com.ro\/politica-dello-studio\/","og_site_name":"Euroteam Profesional Corporation","article_modified_time":"2018-02-05T12:12:42+00:00","og_image":[{"url":"http:\/\/www.euroteam.com.ro\/wp-content\/uploads\/2016\/09\/se2.jpg","type":"","width":"","height":""}],"twitter_card":"summary_large_image","twitter_misc":{"Timp estimat pentru citire":"7 minute"},"schema":{"@context":"https:\/\/schema.org","@graph":[{"@type":"WebPage","@id":"http:\/\/www.euroteam.com.ro\/politica-dello-studio\/","url":"http:\/\/www.euroteam.com.ro\/politica-dello-studio\/","name":"Politica dello studio - Euroteam Profesional Corporation","isPartOf":{"@id":"https:\/\/www.euroteam.com.ro\/ro\/#website"},"primaryImageOfPage":{"@id":"http:\/\/www.euroteam.com.ro\/politica-dello-studio\/#primaryimage"},"image":{"@id":"http:\/\/www.euroteam.com.ro\/politica-dello-studio\/#primaryimage"},"thumbnailUrl":"http:\/\/www.euroteam.com.ro\/wp-content\/uploads\/2016\/09\/se2.jpg","datePublished":"2016-09-28T11:21:51+00:00","dateModified":"2018-02-05T12:12:42+00:00","description":"Politica dello studio - il nostro principale obbiettivo \u00e8 comprendere e soddisfare le aspettative professionali del cliente parte essenziale.","breadcrumb":{"@id":"http:\/\/www.euroteam.com.ro\/politica-dello-studio\/#breadcrumb"},"inLanguage":"ro-RO","potentialAction":[{"@type":"ReadAction","target":["http:\/\/www.euroteam.com.ro\/politica-dello-studio\/"]}]},{"@type":"ImageObject","inLanguage":"ro-RO","@id":"http:\/\/www.euroteam.com.ro\/politica-dello-studio\/#primaryimage","url":"http:\/\/www.euroteam.com.ro\/wp-content\/uploads\/2016\/09\/se2.jpg","contentUrl":"http:\/\/www.euroteam.com.ro\/wp-content\/uploads\/2016\/09\/se2.jpg"},{"@type":"BreadcrumbList","@id":"http:\/\/www.euroteam.com.ro\/politica-dello-studio\/#breadcrumb","itemListElement":[{"@type":"ListItem","position":1,"name":"Prima pagin\u0103","item":"https:\/\/www.euroteam.com.ro\/ro\/"},{"@type":"ListItem","position":2,"name":"Politica dello studio"}]},{"@type":"WebSite","@id":"https:\/\/www.euroteam.com.ro\/ro\/#website","url":"https:\/\/www.euroteam.com.ro\/ro\/","name":"Euroteam Profesional Corporation","description":"","potentialAction":[{"@type":"SearchAction","target":{"@type":"EntryPoint","urlTemplate":"https:\/\/www.euroteam.com.ro\/ro\/?s={search_term_string}"},"query-input":{"@type":"PropertyValueSpecification","valueRequired":true,"valueName":"search_term_string"}}],"inLanguage":"ro-RO"}]}},"_links":{"self":[{"href":"http:\/\/www.euroteam.com.ro\/ro\/wp-json\/wp\/v2\/pages\/1850","targetHints":{"allow":["GET"]}}],"collection":[{"href":"http:\/\/www.euroteam.com.ro\/ro\/wp-json\/wp\/v2\/pages"}],"about":[{"href":"http:\/\/www.euroteam.com.ro\/ro\/wp-json\/wp\/v2\/types\/page"}],"author":[{"embeddable":true,"href":"http:\/\/www.euroteam.com.ro\/ro\/wp-json\/wp\/v2\/users\/1"}],"replies":[{"embeddable":true,"href":"http:\/\/www.euroteam.com.ro\/ro\/wp-json\/wp\/v2\/comments?post=1850"}],"version-history":[{"count":8,"href":"http:\/\/www.euroteam.com.ro\/ro\/wp-json\/wp\/v2\/pages\/1850\/revisions"}],"predecessor-version":[{"id":2167,"href":"http:\/\/www.euroteam.com.ro\/ro\/wp-json\/wp\/v2\/pages\/1850\/revisions\/2167"}],"wp:attachment":[{"href":"http:\/\/www.euroteam.com.ro\/ro\/wp-json\/wp\/v2\/media?parent=1850"}],"curies":[{"name":"wp","href":"https:\/\/api.w.org\/{rel}","templated":true}]}}