{"id":1869,"date":"2016-09-28T15:38:20","date_gmt":"2016-09-28T12:38:20","guid":{"rendered":"http:\/\/www.euroteam.com.ro\/?page_id=1869"},"modified":"2018-02-05T13:08:53","modified_gmt":"2018-02-05T10:08:53","slug":"diritto-societario-e-commerciale","status":"publish","type":"page","link":"http:\/\/www.euroteam.com.ro\/ro\/diritto-societario-e-commerciale\/","title":{"rendered":"Drept societar si comercial"},"content":{"rendered":"<p>[vc_row][vc_column]<!-- #TRX_GAP_START# --><div class=\"sc_section\"><div class=\"sc_content content_wrap\"><h5 class=\"sc_title sc_title_divider \"><span class=\"sc_title_divider_before\"><\/span>Drept societar si comercial<span class=\"sc_title_divider_after\"><\/span><\/h5>[vc_column_text]<\/p>\n<p style=\"text-align: justify;\"><img loading=\"lazy\" decoding=\"async\" class=\" wp-image-1872 alignleft\" src=\"http:\/\/www.euroteam.com.ro\/wp-content\/uploads\/2016\/09\/phildate060100157.jpg\" alt=\"Diritto societario commerciale\" width=\"218\" height=\"145\" srcset=\"http:\/\/www.euroteam.com.ro\/wp-content\/uploads\/2016\/09\/phildate060100157.jpg 168w, http:\/\/www.euroteam.com.ro\/wp-content\/uploads\/2016\/09\/phildate060100157-68x45.jpg 68w\" sizes=\"auto, (max-width: 218px) 100vw, 218px\" \/><\/p>\n<p>Firma noastra asista un larg spectru de companii nationale si internationale in domeniul dreptului corporatist si comercial in general. Oferim o gam\u0103 larg\u0103 de servicii juridice pentru companii: de la constituirea, structurarea \u0219i finan\u021barea ini\u021bial\u0103, la preg\u0103tirea ofertelor publice \u0219i, \u00een cele din urm\u0103, la fuziuni \u0219i achizi\u021bii.<\/p>\n<p>Am dezvoltat expertiz\u0103 specific\u0103 \u00een consilierea cu privire la structurarea acordurilor de sprijin financiar, a asocia\u021biilor \u00een participa\u021biune, a acordurilor de ac\u021bionari \u0219i a acordurilor dintre partenerii comerciali. Oferim \u00een mod constant consultan\u021b\u0103 juridic\u0103 companiilor privind \u00eenfiin\u021barea de birouri secundare \u00een Rom\u00e2nia \u0219i aspecte ale dreptului rom\u00e2nesc inerent acesteia.<\/p>\n<p>\u00cen plus, oferim consultan\u021b\u0103 companiilor \u00een cazul apari\u021biei unor probleme \u00een cadrul companiei, \u00een rela\u021biile cu directorii, b\u0103ncile \u0219i creditorii. Suntem \u00een mod regulat implica\u021bi \u00een elaborarea diverselor acorduri comerciale, dintre care men\u021bion\u0103m acordurile de distribu\u021bie, furnizare, leasing, sponsorizare \u0219i franciz\u0103.<\/p>\n<p>[\/vc_column_text]<\/div><\/div><!-- #TRX_GAP_END# -->[\/vc_column][\/vc_row]<\/p>","protected":false},"excerpt":{"rendered":"<p>[vc_row][vc_column][\/vc_column][\/vc_row]<\/p>\n","protected":false},"author":1,"featured_media":0,"parent":0,"menu_order":0,"comment_status":"closed","ping_status":"closed","template":"","meta":{"footnotes":""},"class_list":["post-1869","page","type-page","status-publish","hentry"],"yoast_head":"<!-- This site is optimized with the Yoast SEO plugin v26.8 - https:\/\/yoast.com\/product\/yoast-seo-wordpress\/ -->\n<title>(Italiano) Diritto societario e commerciale - Euroteam Profesional Corporation<\/title>\n<meta name=\"description\" content=\"(Italiano) Il nostro studio assiste un ampio spettro di aziende nazionali ed internazionali in questioni di diritto societario e commerciale in generale.\" \/>\n<meta name=\"robots\" content=\"index, follow, max-snippet:-1, max-image-preview:large, max-video-preview:-1\" \/>\n<link rel=\"canonical\" href=\"http:\/\/www.euroteam.com.ro\/ro\/diritto-societario-e-commerciale\/\" \/>\n<meta property=\"og:locale\" content=\"ro_RO\" \/>\n<meta property=\"og:type\" content=\"article\" \/>\n<meta property=\"og:title\" content=\"(Italiano) Diritto societario e commerciale - Euroteam Profesional Corporation\" \/>\n<meta property=\"og:description\" content=\"(Italiano) Il nostro studio assiste un ampio spettro di aziende nazionali ed internazionali in questioni di diritto societario e commerciale in generale.\" \/>\n<meta property=\"og:url\" content=\"http:\/\/www.euroteam.com.ro\/ro\/diritto-societario-e-commerciale\/\" \/>\n<meta property=\"og:site_name\" content=\"Euroteam Profesional Corporation\" \/>\n<meta property=\"article:modified_time\" content=\"2018-02-05T10:08:53+00:00\" \/>\n<meta property=\"og:image\" content=\"http:\/\/www.euroteam.com.ro\/wp-content\/uploads\/2016\/09\/phildate060100157.jpg\" \/>\n<meta name=\"twitter:card\" content=\"summary_large_image\" \/>\n<meta name=\"twitter:label1\" content=\"Timp estimat pentru citire\" \/>\n\t<meta name=\"twitter:data1\" content=\"3 minute\" \/>\n<script type=\"application\/ld+json\" class=\"yoast-schema-graph\">{\"@context\":\"https:\/\/schema.org\",\"@graph\":[{\"@type\":\"WebPage\",\"@id\":\"http:\/\/www.euroteam.com.ro\/ro\/diritto-societario-e-commerciale\/\",\"url\":\"http:\/\/www.euroteam.com.ro\/ro\/diritto-societario-e-commerciale\/\",\"name\":\"(Italiano) Diritto societario e commerciale - Euroteam Profesional Corporation\",\"isPartOf\":{\"@id\":\"http:\/\/www.euroteam.com.ro\/ro\/#website\"},\"primaryImageOfPage\":{\"@id\":\"http:\/\/www.euroteam.com.ro\/ro\/diritto-societario-e-commerciale\/#primaryimage\"},\"image\":{\"@id\":\"http:\/\/www.euroteam.com.ro\/ro\/diritto-societario-e-commerciale\/#primaryimage\"},\"thumbnailUrl\":\"http:\/\/www.euroteam.com.ro\/wp-content\/uploads\/2016\/09\/phildate060100157.jpg\",\"datePublished\":\"2016-09-28T12:38:20+00:00\",\"dateModified\":\"2018-02-05T10:08:53+00:00\",\"description\":\"(Italiano) Il nostro studio assiste un ampio spettro di aziende nazionali ed internazionali in questioni di diritto societario e commerciale in generale.\",\"breadcrumb\":{\"@id\":\"http:\/\/www.euroteam.com.ro\/ro\/diritto-societario-e-commerciale\/#breadcrumb\"},\"inLanguage\":\"ro-RO\",\"potentialAction\":[{\"@type\":\"ReadAction\",\"target\":[\"http:\/\/www.euroteam.com.ro\/ro\/diritto-societario-e-commerciale\/\"]}]},{\"@type\":\"ImageObject\",\"inLanguage\":\"ro-RO\",\"@id\":\"http:\/\/www.euroteam.com.ro\/ro\/diritto-societario-e-commerciale\/#primaryimage\",\"url\":\"http:\/\/www.euroteam.com.ro\/wp-content\/uploads\/2016\/09\/phildate060100157.jpg\",\"contentUrl\":\"http:\/\/www.euroteam.com.ro\/wp-content\/uploads\/2016\/09\/phildate060100157.jpg\"},{\"@type\":\"BreadcrumbList\",\"@id\":\"http:\/\/www.euroteam.com.ro\/ro\/diritto-societario-e-commerciale\/#breadcrumb\",\"itemListElement\":[{\"@type\":\"ListItem\",\"position\":1,\"name\":\"Prima pagin\u0103\",\"item\":\"http:\/\/www.euroteam.com.ro\/en\/\"},{\"@type\":\"ListItem\",\"position\":2,\"name\":\"Drept societar si comercial\"}]},{\"@type\":\"WebSite\",\"@id\":\"http:\/\/www.euroteam.com.ro\/ro\/#website\",\"url\":\"http:\/\/www.euroteam.com.ro\/ro\/\",\"name\":\"Euroteam Profesional Corporation\",\"description\":\"\",\"potentialAction\":[{\"@type\":\"SearchAction\",\"target\":{\"@type\":\"EntryPoint\",\"urlTemplate\":\"http:\/\/www.euroteam.com.ro\/ro\/?s={search_term_string}\"},\"query-input\":{\"@type\":\"PropertyValueSpecification\",\"valueRequired\":true,\"valueName\":\"search_term_string\"}}],\"inLanguage\":\"ro-RO\"}]}<\/script>\n<!-- \/ Yoast SEO plugin. -->","yoast_head_json":{"title":"(Italiano) Diritto societario e commerciale - Euroteam Profesional Corporation","description":"(Italiano) Il nostro studio assiste un ampio spettro di aziende nazionali ed internazionali in questioni di diritto societario e commerciale in generale.","robots":{"index":"index","follow":"follow","max-snippet":"max-snippet:-1","max-image-preview":"max-image-preview:large","max-video-preview":"max-video-preview:-1"},"canonical":"http:\/\/www.euroteam.com.ro\/ro\/diritto-societario-e-commerciale\/","og_locale":"ro_RO","og_type":"article","og_title":"(Italiano) Diritto societario e commerciale - Euroteam Profesional Corporation","og_description":"(Italiano) Il nostro studio assiste un ampio spettro di aziende nazionali ed internazionali in questioni di diritto societario e commerciale in generale.","og_url":"http:\/\/www.euroteam.com.ro\/ro\/diritto-societario-e-commerciale\/","og_site_name":"Euroteam Profesional Corporation","article_modified_time":"2018-02-05T10:08:53+00:00","og_image":[{"url":"http:\/\/www.euroteam.com.ro\/wp-content\/uploads\/2016\/09\/phildate060100157.jpg","type":"","width":"","height":""}],"twitter_card":"summary_large_image","twitter_misc":{"Timp estimat pentru citire":"3 minute"},"schema":{"@context":"https:\/\/schema.org","@graph":[{"@type":"WebPage","@id":"http:\/\/www.euroteam.com.ro\/ro\/diritto-societario-e-commerciale\/","url":"http:\/\/www.euroteam.com.ro\/ro\/diritto-societario-e-commerciale\/","name":"(Italiano) Diritto societario e commerciale - Euroteam Profesional Corporation","isPartOf":{"@id":"http:\/\/www.euroteam.com.ro\/ro\/#website"},"primaryImageOfPage":{"@id":"http:\/\/www.euroteam.com.ro\/ro\/diritto-societario-e-commerciale\/#primaryimage"},"image":{"@id":"http:\/\/www.euroteam.com.ro\/ro\/diritto-societario-e-commerciale\/#primaryimage"},"thumbnailUrl":"http:\/\/www.euroteam.com.ro\/wp-content\/uploads\/2016\/09\/phildate060100157.jpg","datePublished":"2016-09-28T12:38:20+00:00","dateModified":"2018-02-05T10:08:53+00:00","description":"(Italiano) Il nostro studio assiste un ampio spettro di aziende nazionali ed internazionali in questioni di diritto societario e commerciale in generale.","breadcrumb":{"@id":"http:\/\/www.euroteam.com.ro\/ro\/diritto-societario-e-commerciale\/#breadcrumb"},"inLanguage":"ro-RO","potentialAction":[{"@type":"ReadAction","target":["http:\/\/www.euroteam.com.ro\/ro\/diritto-societario-e-commerciale\/"]}]},{"@type":"ImageObject","inLanguage":"ro-RO","@id":"http:\/\/www.euroteam.com.ro\/ro\/diritto-societario-e-commerciale\/#primaryimage","url":"http:\/\/www.euroteam.com.ro\/wp-content\/uploads\/2016\/09\/phildate060100157.jpg","contentUrl":"http:\/\/www.euroteam.com.ro\/wp-content\/uploads\/2016\/09\/phildate060100157.jpg"},{"@type":"BreadcrumbList","@id":"http:\/\/www.euroteam.com.ro\/ro\/diritto-societario-e-commerciale\/#breadcrumb","itemListElement":[{"@type":"ListItem","position":1,"name":"Prima pagin\u0103","item":"http:\/\/www.euroteam.com.ro\/en\/"},{"@type":"ListItem","position":2,"name":"Drept societar si comercial"}]},{"@type":"WebSite","@id":"http:\/\/www.euroteam.com.ro\/ro\/#website","url":"http:\/\/www.euroteam.com.ro\/ro\/","name":"Euroteam Profesional Corporation","description":"","potentialAction":[{"@type":"SearchAction","target":{"@type":"EntryPoint","urlTemplate":"http:\/\/www.euroteam.com.ro\/ro\/?s={search_term_string}"},"query-input":{"@type":"PropertyValueSpecification","valueRequired":true,"valueName":"search_term_string"}}],"inLanguage":"ro-RO"}]}},"_links":{"self":[{"href":"http:\/\/www.euroteam.com.ro\/ro\/wp-json\/wp\/v2\/pages\/1869","targetHints":{"allow":["GET"]}}],"collection":[{"href":"http:\/\/www.euroteam.com.ro\/ro\/wp-json\/wp\/v2\/pages"}],"about":[{"href":"http:\/\/www.euroteam.com.ro\/ro\/wp-json\/wp\/v2\/types\/page"}],"author":[{"embeddable":true,"href":"http:\/\/www.euroteam.com.ro\/ro\/wp-json\/wp\/v2\/users\/1"}],"replies":[{"embeddable":true,"href":"http:\/\/www.euroteam.com.ro\/ro\/wp-json\/wp\/v2\/comments?post=1869"}],"version-history":[{"count":9,"href":"http:\/\/www.euroteam.com.ro\/ro\/wp-json\/wp\/v2\/pages\/1869\/revisions"}],"predecessor-version":[{"id":2158,"href":"http:\/\/www.euroteam.com.ro\/ro\/wp-json\/wp\/v2\/pages\/1869\/revisions\/2158"}],"wp:attachment":[{"href":"http:\/\/www.euroteam.com.ro\/ro\/wp-json\/wp\/v2\/media?parent=1869"}],"curies":[{"name":"wp","href":"https:\/\/api.w.org\/{rel}","templated":true}]}}