{"id":1874,"date":"2016-09-28T16:10:15","date_gmt":"2016-09-28T13:10:15","guid":{"rendered":"http:\/\/www.euroteam.com.ro\/?page_id=1874"},"modified":"2018-02-05T14:55:26","modified_gmt":"2018-02-05T11:55:26","slug":"servizi-legali","status":"publish","type":"page","link":"http:\/\/www.euroteam.com.ro\/ro\/servizi-legali\/","title":{"rendered":"Servicii legale"},"content":{"rendered":"<p>[vc_row][vc_column]<!-- #TRX_GAP_START# --><div class=\"sc_section\"><div class=\"sc_content content_wrap\"><h5 class=\"sc_title sc_title_divider \"><span class=\"sc_title_divider_before\"><\/span>Servicii legale<span class=\"sc_title_divider_after\"><\/span><\/h5>[vc_column_text]<img loading=\"lazy\" decoding=\"async\" class=\"size-medium wp-image-1997 alignleft\" src=\"http:\/\/www.euroteam.com.ro\/wp-content\/uploads\/2016\/09\/justitia-223x300.png\" alt=\"Servizi legali\" width=\"223\" height=\"300\" srcset=\"http:\/\/www.euroteam.com.ro\/wp-content\/uploads\/2016\/09\/justitia-223x300.png 223w, http:\/\/www.euroteam.com.ro\/wp-content\/uploads\/2016\/09\/justitia-68x92.png 68w, http:\/\/www.euroteam.com.ro\/wp-content\/uploads\/2016\/09\/justitia.png 230w\" sizes=\"auto, (max-width: 223px) 100vw, 223px\" \/><\/p>\n<ul>\n<li>\n<div align=\"justify\">\n<p>Constituirea \u0219i asisten\u021ba ulterioar\u0103 pentru companii, prin elaborarea unei game largi de documente \u0219i fapte, inclusiv documente constitu\u021bionale \u0219i statute, procese verbale ale \u0219edin\u021belor \u0219i consiliilor de administra\u021bie;<\/p>\n<\/div>\n<\/li>\n<li>\n<div align=\"justify\">\n<p>Sfaturi privind plata \u0219i tratamentul dividendelor, \u00eendatoririlor \u0219i responsabilit\u0103\u021bilor directorilor, tranzac\u021biile cu capital, drepturile ac\u021bionarilor \u00een capitalul social, inclusiv drepturile de conversie, r\u0103scump\u0103rarea \u0219i transferul de ac\u021biuni sau alte valori mobiliare;<\/p>\n<\/div>\n<\/li>\n<li>Achizi\u021bii, ced\u0103ri, restructur\u0103ri \u0219i fuziuni ale companiilor;<\/li>\n<li>\n<div align=\"justify\">\n<p>Elaborarea \u0219i negocierea tuturor contractelor \u0219i acordurilor comerciale, inclusiv acordurile de asociere \u00een comun, acordurile de distribu\u021bie \u0219i furnizare;<\/p>\n<\/div>\n<\/li>\n<li>Gestiunea curent\u0103 a activit\u0103\u021bilor corporative;<\/li>\n<li>Elaborarea acordurilor ac\u021bionarilor;<\/li>\n<li>Rezolvarea litigiilor;<\/li>\n<li>Revizuirea contractelor interna\u021bionale \u0219i a documentelor aferente;<\/li>\n<li>Structurarea contractelor interna\u021bionale de v\u00e2nzare.<\/li>\n<\/ul>\n<p>[\/vc_column_text]<\/div><\/div><!-- #TRX_GAP_END# -->[\/vc_column][\/vc_row]<\/p>","protected":false},"excerpt":{"rendered":"<p>[vc_row][vc_column][\/vc_column][\/vc_row]<\/p>\n","protected":false},"author":1,"featured_media":0,"parent":0,"menu_order":0,"comment_status":"closed","ping_status":"closed","template":"","meta":{"footnotes":""},"class_list":["post-1874","page","type-page","status-publish","hentry"],"yoast_head":"<!-- This site is optimized with the Yoast SEO plugin v26.8 - https:\/\/yoast.com\/product\/yoast-seo-wordpress\/ -->\n<title>(Italiano) Servizi legali - Euroteam Profesional Corporation<\/title>\n<meta name=\"description\" content=\"(Italiano) Servizi legali - Costituzione e successiva assistenza a societ\u00e0, attraverso la redazione di un\u2019ampia gamma di documenti ed atti\" \/>\n<meta name=\"robots\" content=\"index, follow, max-snippet:-1, max-image-preview:large, max-video-preview:-1\" \/>\n<link rel=\"canonical\" href=\"https:\/\/www.euroteam.com.ro\/ro\/servizi-legali\/\" \/>\n<meta property=\"og:locale\" content=\"ro_RO\" \/>\n<meta property=\"og:type\" content=\"article\" \/>\n<meta property=\"og:title\" content=\"(Italiano) Servizi legali - Euroteam Profesional Corporation\" \/>\n<meta property=\"og:description\" content=\"(Italiano) Servizi legali - Costituzione e successiva assistenza a societ\u00e0, attraverso la redazione di un\u2019ampia gamma di documenti ed atti\" \/>\n<meta property=\"og:url\" content=\"https:\/\/www.euroteam.com.ro\/ro\/servizi-legali\/\" \/>\n<meta property=\"og:site_name\" content=\"Euroteam Profesional Corporation\" \/>\n<meta property=\"article:modified_time\" content=\"2018-02-05T11:55:26+00:00\" \/>\n<meta property=\"og:image\" content=\"http:\/\/www.euroteam.com.ro\/wp-content\/uploads\/2016\/09\/justitia-223x300.png\" \/>\n<meta name=\"twitter:card\" content=\"summary_large_image\" \/>\n<meta name=\"twitter:label1\" content=\"Timp estimat pentru citire\" \/>\n\t<meta name=\"twitter:data1\" content=\"3 minute\" \/>\n<script type=\"application\/ld+json\" class=\"yoast-schema-graph\">{\"@context\":\"https:\/\/schema.org\",\"@graph\":[{\"@type\":\"WebPage\",\"@id\":\"https:\/\/www.euroteam.com.ro\/ro\/servizi-legali\/\",\"url\":\"https:\/\/www.euroteam.com.ro\/ro\/servizi-legali\/\",\"name\":\"(Italiano) Servizi legali - Euroteam Profesional Corporation\",\"isPartOf\":{\"@id\":\"https:\/\/www.euroteam.com.ro\/ro\/#website\"},\"primaryImageOfPage\":{\"@id\":\"https:\/\/www.euroteam.com.ro\/ro\/servizi-legali\/#primaryimage\"},\"image\":{\"@id\":\"https:\/\/www.euroteam.com.ro\/ro\/servizi-legali\/#primaryimage\"},\"thumbnailUrl\":\"http:\/\/www.euroteam.com.ro\/wp-content\/uploads\/2016\/09\/justitia-223x300.png\",\"datePublished\":\"2016-09-28T13:10:15+00:00\",\"dateModified\":\"2018-02-05T11:55:26+00:00\",\"description\":\"(Italiano) Servizi legali - Costituzione e successiva assistenza a societ\u00e0, attraverso la redazione di un\u2019ampia gamma di documenti ed atti\",\"breadcrumb\":{\"@id\":\"https:\/\/www.euroteam.com.ro\/ro\/servizi-legali\/#breadcrumb\"},\"inLanguage\":\"ro-RO\",\"potentialAction\":[{\"@type\":\"ReadAction\",\"target\":[\"https:\/\/www.euroteam.com.ro\/ro\/servizi-legali\/\"]}]},{\"@type\":\"ImageObject\",\"inLanguage\":\"ro-RO\",\"@id\":\"https:\/\/www.euroteam.com.ro\/ro\/servizi-legali\/#primaryimage\",\"url\":\"http:\/\/www.euroteam.com.ro\/wp-content\/uploads\/2016\/09\/justitia-223x300.png\",\"contentUrl\":\"http:\/\/www.euroteam.com.ro\/wp-content\/uploads\/2016\/09\/justitia-223x300.png\"},{\"@type\":\"BreadcrumbList\",\"@id\":\"https:\/\/www.euroteam.com.ro\/ro\/servizi-legali\/#breadcrumb\",\"itemListElement\":[{\"@type\":\"ListItem\",\"position\":1,\"name\":\"Prima pagin\u0103\",\"item\":\"https:\/\/www.euroteam.com.ro\/ro\/\"},{\"@type\":\"ListItem\",\"position\":2,\"name\":\"Servicii legale\"}]},{\"@type\":\"WebSite\",\"@id\":\"https:\/\/www.euroteam.com.ro\/ro\/#website\",\"url\":\"https:\/\/www.euroteam.com.ro\/ro\/\",\"name\":\"Euroteam Profesional Corporation\",\"description\":\"\",\"potentialAction\":[{\"@type\":\"SearchAction\",\"target\":{\"@type\":\"EntryPoint\",\"urlTemplate\":\"https:\/\/www.euroteam.com.ro\/ro\/?s={search_term_string}\"},\"query-input\":{\"@type\":\"PropertyValueSpecification\",\"valueRequired\":true,\"valueName\":\"search_term_string\"}}],\"inLanguage\":\"ro-RO\"}]}<\/script>\n<!-- \/ Yoast SEO plugin. -->","yoast_head_json":{"title":"(Italiano) Servizi legali - Euroteam Profesional Corporation","description":"(Italiano) Servizi legali - Costituzione e successiva assistenza a societ\u00e0, attraverso la redazione di un\u2019ampia gamma di documenti ed atti","robots":{"index":"index","follow":"follow","max-snippet":"max-snippet:-1","max-image-preview":"max-image-preview:large","max-video-preview":"max-video-preview:-1"},"canonical":"https:\/\/www.euroteam.com.ro\/ro\/servizi-legali\/","og_locale":"ro_RO","og_type":"article","og_title":"(Italiano) Servizi legali - Euroteam Profesional Corporation","og_description":"(Italiano) Servizi legali - Costituzione e successiva assistenza a societ\u00e0, attraverso la redazione di un\u2019ampia gamma di documenti ed atti","og_url":"https:\/\/www.euroteam.com.ro\/ro\/servizi-legali\/","og_site_name":"Euroteam Profesional Corporation","article_modified_time":"2018-02-05T11:55:26+00:00","og_image":[{"url":"http:\/\/www.euroteam.com.ro\/wp-content\/uploads\/2016\/09\/justitia-223x300.png","type":"","width":"","height":""}],"twitter_card":"summary_large_image","twitter_misc":{"Timp estimat pentru citire":"3 minute"},"schema":{"@context":"https:\/\/schema.org","@graph":[{"@type":"WebPage","@id":"https:\/\/www.euroteam.com.ro\/ro\/servizi-legali\/","url":"https:\/\/www.euroteam.com.ro\/ro\/servizi-legali\/","name":"(Italiano) Servizi legali - Euroteam Profesional Corporation","isPartOf":{"@id":"https:\/\/www.euroteam.com.ro\/ro\/#website"},"primaryImageOfPage":{"@id":"https:\/\/www.euroteam.com.ro\/ro\/servizi-legali\/#primaryimage"},"image":{"@id":"https:\/\/www.euroteam.com.ro\/ro\/servizi-legali\/#primaryimage"},"thumbnailUrl":"http:\/\/www.euroteam.com.ro\/wp-content\/uploads\/2016\/09\/justitia-223x300.png","datePublished":"2016-09-28T13:10:15+00:00","dateModified":"2018-02-05T11:55:26+00:00","description":"(Italiano) Servizi legali - Costituzione e successiva assistenza a societ\u00e0, attraverso la redazione di un\u2019ampia gamma di documenti ed atti","breadcrumb":{"@id":"https:\/\/www.euroteam.com.ro\/ro\/servizi-legali\/#breadcrumb"},"inLanguage":"ro-RO","potentialAction":[{"@type":"ReadAction","target":["https:\/\/www.euroteam.com.ro\/ro\/servizi-legali\/"]}]},{"@type":"ImageObject","inLanguage":"ro-RO","@id":"https:\/\/www.euroteam.com.ro\/ro\/servizi-legali\/#primaryimage","url":"http:\/\/www.euroteam.com.ro\/wp-content\/uploads\/2016\/09\/justitia-223x300.png","contentUrl":"http:\/\/www.euroteam.com.ro\/wp-content\/uploads\/2016\/09\/justitia-223x300.png"},{"@type":"BreadcrumbList","@id":"https:\/\/www.euroteam.com.ro\/ro\/servizi-legali\/#breadcrumb","itemListElement":[{"@type":"ListItem","position":1,"name":"Prima pagin\u0103","item":"https:\/\/www.euroteam.com.ro\/ro\/"},{"@type":"ListItem","position":2,"name":"Servicii legale"}]},{"@type":"WebSite","@id":"https:\/\/www.euroteam.com.ro\/ro\/#website","url":"https:\/\/www.euroteam.com.ro\/ro\/","name":"Euroteam Profesional Corporation","description":"","potentialAction":[{"@type":"SearchAction","target":{"@type":"EntryPoint","urlTemplate":"https:\/\/www.euroteam.com.ro\/ro\/?s={search_term_string}"},"query-input":{"@type":"PropertyValueSpecification","valueRequired":true,"valueName":"search_term_string"}}],"inLanguage":"ro-RO"}]}},"_links":{"self":[{"href":"http:\/\/www.euroteam.com.ro\/ro\/wp-json\/wp\/v2\/pages\/1874","targetHints":{"allow":["GET"]}}],"collection":[{"href":"http:\/\/www.euroteam.com.ro\/ro\/wp-json\/wp\/v2\/pages"}],"about":[{"href":"http:\/\/www.euroteam.com.ro\/ro\/wp-json\/wp\/v2\/types\/page"}],"author":[{"embeddable":true,"href":"http:\/\/www.euroteam.com.ro\/ro\/wp-json\/wp\/v2\/users\/1"}],"replies":[{"embeddable":true,"href":"http:\/\/www.euroteam.com.ro\/ro\/wp-json\/wp\/v2\/comments?post=1874"}],"version-history":[{"count":9,"href":"http:\/\/www.euroteam.com.ro\/ro\/wp-json\/wp\/v2\/pages\/1874\/revisions"}],"predecessor-version":[{"id":2164,"href":"http:\/\/www.euroteam.com.ro\/ro\/wp-json\/wp\/v2\/pages\/1874\/revisions\/2164"}],"wp:attachment":[{"href":"http:\/\/www.euroteam.com.ro\/ro\/wp-json\/wp\/v2\/media?parent=1874"}],"curies":[{"name":"wp","href":"https:\/\/api.w.org\/{rel}","templated":true}]}}