{"id":1919,"date":"2016-09-29T13:43:35","date_gmt":"2016-09-29T10:43:35","guid":{"rendered":"http:\/\/www.euroteam.com.ro\/?page_id=1919"},"modified":"2018-02-05T13:13:47","modified_gmt":"2018-02-05T10:13:47","slug":"fusioni-e-acquisizioni","status":"publish","type":"page","link":"http:\/\/www.euroteam.com.ro\/ro\/fusioni-e-acquisizioni\/","title":{"rendered":"Fuziuni si achizitionari"},"content":{"rendered":"<p>[vc_row][vc_column]<!-- #TRX_GAP_START# --><div class=\"sc_section\"><div class=\"sc_content content_wrap\"><h5 class=\"sc_title sc_title_divider \"><span class=\"sc_title_divider_before\"><\/span>Fusioni e acquisizioni<span class=\"sc_title_divider_after\"><\/span><\/h5>[vc_column_text]<\/p>\n<p style=\"text-align: justify;\"><img loading=\"lazy\" decoding=\"async\" class=\"size-full wp-image-1920 alignleft\" src=\"http:\/\/www.euroteam.com.ro\/wp-content\/uploads\/2016\/09\/pic1.jpg\" alt=\"Fusioni e acquisizioni\" width=\"295\" height=\"184\" srcset=\"http:\/\/www.euroteam.com.ro\/wp-content\/uploads\/2016\/09\/pic1.jpg 295w, http:\/\/www.euroteam.com.ro\/wp-content\/uploads\/2016\/09\/pic1-68x42.jpg 68w, http:\/\/www.euroteam.com.ro\/wp-content\/uploads\/2016\/09\/pic1-250x156.jpg 250w\" sizes=\"auto, (max-width: 295px) 100vw, 295px\" \/><\/p>\n<p>O mare parte din afacerea noastr\u0103 este dedicat\u0103 consult\u0103rii cu privire la reglementarea fuziunilor, achizi\u021biilor \u0219i asocia\u021biilor \u00een participa\u021biune. Firma noastr\u0103 a dezvoltat o experien\u021b\u0103 important\u0103 \u00een domeniul fuziunilor \u0219i achizi\u021biilor din sectorul privat, cu referire \u00een special la b\u0103nci \u0219i institu\u021bii financiare.<\/p>\n<p>\u00cen plus, oferim consultan\u021b\u0103 privind fuziunile unor parteneriate interna\u021bionale de importan\u021b\u0103 major\u0103 \u0219i dezvoltarea structurilor de parteneriat inovatoare.<\/p>\n<p>Efectu\u0103m o diligen\u021b\u0103 privind achizi\u021biile propuse, subliniind eventualele impedimente \u0219i, de asemenea, elabor\u0103m acorduri de achizi\u021bie \u0219i asigur\u0103m colaborarea \u00een negocieri.<\/p>\n<p>Activitatea noastr\u0103 de consultan\u021b\u0103 \u00een afaceri se extinde \u0219i la alte aspecte privind fuziunile \u0219i achizi\u021biile \u0219i tranzac\u021biile comerciale, cum ar fi:<\/p>\n<p style=\"text-align: justify;\">Servicii legale:<\/p>\n<ul>\n<li>Societati mixte\u00a0 \u0219i alian\u021be strategice;<\/li>\n<li>Activitatea de proces \u00een domeniul antitrustului;<\/li>\n<li>Ofert\u0103 public\u0103 ini\u021bial\u0103 \u0219i alte aspecte ale pie\u021bei de capital privat;<\/li>\n<li>Litigiile corporative \u0219i ac\u021biunile corporative procesuale;<\/li>\n<li>\u00cenfiin\u021barea \u0219i structurarea fondurilor;<\/li>\n<li>Reorganiz\u0103ri;<\/li>\n<li>Sfaturi privind gestionarea instrumentelor cum ar fi <em>buy-out-urile de management<\/em> \u0219i <em>buy-out-urile cu buy-in \u0219i strategiile de ie\u0219ire<\/em>.<\/li>\n<\/ul>\n<p>[\/vc_column_text]<\/div><\/div><!-- #TRX_GAP_END# -->[\/vc_column][\/vc_row]<\/p>","protected":false},"excerpt":{"rendered":"<p>[vc_row][vc_column][\/vc_column][\/vc_row]<\/p>\n","protected":false},"author":1,"featured_media":0,"parent":0,"menu_order":0,"comment_status":"closed","ping_status":"closed","template":"","meta":{"footnotes":""},"class_list":["post-1919","page","type-page","status-publish","hentry"],"yoast_head":"<!-- This site is optimized with the Yoast SEO plugin v26.8 - https:\/\/yoast.com\/product\/yoast-seo-wordpress\/ -->\n<title>(Italiano) Fusioni e acquisizioni - Euroteam Profesional Corporation<\/title>\n<meta name=\"description\" content=\"(Italiano) Fusioni e acquisizioni una gran parte della nostra attivit\u00e0 \u00e8 dedicata alla consulenza in materia di regolamentazione e joint ventures.\" \/>\n<meta name=\"robots\" content=\"index, follow, max-snippet:-1, max-image-preview:large, max-video-preview:-1\" \/>\n<link rel=\"canonical\" href=\"http:\/\/www.euroteam.com.ro\/en\/fusioni-e-acquisizioni\/\" \/>\n<meta property=\"og:locale\" content=\"ro_RO\" \/>\n<meta property=\"og:type\" content=\"article\" \/>\n<meta property=\"og:title\" content=\"(Italiano) Fusioni e acquisizioni - Euroteam Profesional Corporation\" \/>\n<meta property=\"og:description\" content=\"(Italiano) Fusioni e acquisizioni una gran parte della nostra attivit\u00e0 \u00e8 dedicata alla consulenza in materia di regolamentazione e joint ventures.\" \/>\n<meta property=\"og:url\" content=\"http:\/\/www.euroteam.com.ro\/en\/fusioni-e-acquisizioni\/\" \/>\n<meta property=\"og:site_name\" content=\"Euroteam Profesional Corporation\" \/>\n<meta property=\"article:modified_time\" content=\"2018-02-05T10:13:47+00:00\" \/>\n<meta property=\"og:image\" content=\"http:\/\/www.euroteam.com.ro\/wp-content\/uploads\/2016\/09\/pic1.jpg\" \/>\n<meta name=\"twitter:card\" content=\"summary_large_image\" \/>\n<meta name=\"twitter:label1\" content=\"Timp estimat pentru citire\" \/>\n\t<meta name=\"twitter:data1\" content=\"3 minute\" \/>\n<script type=\"application\/ld+json\" class=\"yoast-schema-graph\">{\"@context\":\"https:\/\/schema.org\",\"@graph\":[{\"@type\":\"WebPage\",\"@id\":\"http:\/\/www.euroteam.com.ro\/en\/fusioni-e-acquisizioni\/\",\"url\":\"http:\/\/www.euroteam.com.ro\/en\/fusioni-e-acquisizioni\/\",\"name\":\"(Italiano) Fusioni e acquisizioni - Euroteam Profesional Corporation\",\"isPartOf\":{\"@id\":\"https:\/\/www.euroteam.com.ro\/en\/#website\"},\"primaryImageOfPage\":{\"@id\":\"http:\/\/www.euroteam.com.ro\/en\/fusioni-e-acquisizioni\/#primaryimage\"},\"image\":{\"@id\":\"http:\/\/www.euroteam.com.ro\/en\/fusioni-e-acquisizioni\/#primaryimage\"},\"thumbnailUrl\":\"http:\/\/www.euroteam.com.ro\/wp-content\/uploads\/2016\/09\/pic1.jpg\",\"datePublished\":\"2016-09-29T10:43:35+00:00\",\"dateModified\":\"2018-02-05T10:13:47+00:00\",\"description\":\"(Italiano) Fusioni e acquisizioni una gran parte della nostra attivit\u00e0 \u00e8 dedicata alla consulenza in materia di regolamentazione e joint ventures.\",\"breadcrumb\":{\"@id\":\"http:\/\/www.euroteam.com.ro\/en\/fusioni-e-acquisizioni\/#breadcrumb\"},\"inLanguage\":\"ro-RO\",\"potentialAction\":[{\"@type\":\"ReadAction\",\"target\":[\"http:\/\/www.euroteam.com.ro\/en\/fusioni-e-acquisizioni\/\"]}]},{\"@type\":\"ImageObject\",\"inLanguage\":\"ro-RO\",\"@id\":\"http:\/\/www.euroteam.com.ro\/en\/fusioni-e-acquisizioni\/#primaryimage\",\"url\":\"http:\/\/www.euroteam.com.ro\/wp-content\/uploads\/2016\/09\/pic1.jpg\",\"contentUrl\":\"http:\/\/www.euroteam.com.ro\/wp-content\/uploads\/2016\/09\/pic1.jpg\"},{\"@type\":\"BreadcrumbList\",\"@id\":\"http:\/\/www.euroteam.com.ro\/en\/fusioni-e-acquisizioni\/#breadcrumb\",\"itemListElement\":[{\"@type\":\"ListItem\",\"position\":1,\"name\":\"Prima pagin\u0103\",\"item\":\"https:\/\/www.euroteam.com.ro\/en\/\"},{\"@type\":\"ListItem\",\"position\":2,\"name\":\"Mergers and acquisitions\"}]},{\"@type\":\"WebSite\",\"@id\":\"https:\/\/www.euroteam.com.ro\/en\/#website\",\"url\":\"https:\/\/www.euroteam.com.ro\/en\/\",\"name\":\"Euroteam Profesional Corporation\",\"description\":\"\",\"potentialAction\":[{\"@type\":\"SearchAction\",\"target\":{\"@type\":\"EntryPoint\",\"urlTemplate\":\"https:\/\/www.euroteam.com.ro\/en\/?s={search_term_string}\"},\"query-input\":{\"@type\":\"PropertyValueSpecification\",\"valueRequired\":true,\"valueName\":\"search_term_string\"}}],\"inLanguage\":\"ro-RO\"}]}<\/script>\n<!-- \/ Yoast SEO plugin. -->","yoast_head_json":{"title":"(Italiano) Fusioni e acquisizioni - Euroteam Profesional Corporation","description":"(Italiano) Fusioni e acquisizioni una gran parte della nostra attivit\u00e0 \u00e8 dedicata alla consulenza in materia di regolamentazione e joint ventures.","robots":{"index":"index","follow":"follow","max-snippet":"max-snippet:-1","max-image-preview":"max-image-preview:large","max-video-preview":"max-video-preview:-1"},"canonical":"http:\/\/www.euroteam.com.ro\/en\/fusioni-e-acquisizioni\/","og_locale":"ro_RO","og_type":"article","og_title":"(Italiano) Fusioni e acquisizioni - Euroteam Profesional Corporation","og_description":"(Italiano) Fusioni e acquisizioni una gran parte della nostra attivit\u00e0 \u00e8 dedicata alla consulenza in materia di regolamentazione e joint ventures.","og_url":"http:\/\/www.euroteam.com.ro\/en\/fusioni-e-acquisizioni\/","og_site_name":"Euroteam Profesional Corporation","article_modified_time":"2018-02-05T10:13:47+00:00","og_image":[{"url":"http:\/\/www.euroteam.com.ro\/wp-content\/uploads\/2016\/09\/pic1.jpg","type":"","width":"","height":""}],"twitter_card":"summary_large_image","twitter_misc":{"Timp estimat pentru citire":"3 minute"},"schema":{"@context":"https:\/\/schema.org","@graph":[{"@type":"WebPage","@id":"http:\/\/www.euroteam.com.ro\/en\/fusioni-e-acquisizioni\/","url":"http:\/\/www.euroteam.com.ro\/en\/fusioni-e-acquisizioni\/","name":"(Italiano) Fusioni e acquisizioni - Euroteam Profesional Corporation","isPartOf":{"@id":"https:\/\/www.euroteam.com.ro\/en\/#website"},"primaryImageOfPage":{"@id":"http:\/\/www.euroteam.com.ro\/en\/fusioni-e-acquisizioni\/#primaryimage"},"image":{"@id":"http:\/\/www.euroteam.com.ro\/en\/fusioni-e-acquisizioni\/#primaryimage"},"thumbnailUrl":"http:\/\/www.euroteam.com.ro\/wp-content\/uploads\/2016\/09\/pic1.jpg","datePublished":"2016-09-29T10:43:35+00:00","dateModified":"2018-02-05T10:13:47+00:00","description":"(Italiano) Fusioni e acquisizioni una gran parte della nostra attivit\u00e0 \u00e8 dedicata alla consulenza in materia di regolamentazione e joint ventures.","breadcrumb":{"@id":"http:\/\/www.euroteam.com.ro\/en\/fusioni-e-acquisizioni\/#breadcrumb"},"inLanguage":"ro-RO","potentialAction":[{"@type":"ReadAction","target":["http:\/\/www.euroteam.com.ro\/en\/fusioni-e-acquisizioni\/"]}]},{"@type":"ImageObject","inLanguage":"ro-RO","@id":"http:\/\/www.euroteam.com.ro\/en\/fusioni-e-acquisizioni\/#primaryimage","url":"http:\/\/www.euroteam.com.ro\/wp-content\/uploads\/2016\/09\/pic1.jpg","contentUrl":"http:\/\/www.euroteam.com.ro\/wp-content\/uploads\/2016\/09\/pic1.jpg"},{"@type":"BreadcrumbList","@id":"http:\/\/www.euroteam.com.ro\/en\/fusioni-e-acquisizioni\/#breadcrumb","itemListElement":[{"@type":"ListItem","position":1,"name":"Prima pagin\u0103","item":"https:\/\/www.euroteam.com.ro\/en\/"},{"@type":"ListItem","position":2,"name":"Mergers and acquisitions"}]},{"@type":"WebSite","@id":"https:\/\/www.euroteam.com.ro\/en\/#website","url":"https:\/\/www.euroteam.com.ro\/en\/","name":"Euroteam Profesional Corporation","description":"","potentialAction":[{"@type":"SearchAction","target":{"@type":"EntryPoint","urlTemplate":"https:\/\/www.euroteam.com.ro\/en\/?s={search_term_string}"},"query-input":{"@type":"PropertyValueSpecification","valueRequired":true,"valueName":"search_term_string"}}],"inLanguage":"ro-RO"}]}},"_links":{"self":[{"href":"http:\/\/www.euroteam.com.ro\/ro\/wp-json\/wp\/v2\/pages\/1919","targetHints":{"allow":["GET"]}}],"collection":[{"href":"http:\/\/www.euroteam.com.ro\/ro\/wp-json\/wp\/v2\/pages"}],"about":[{"href":"http:\/\/www.euroteam.com.ro\/ro\/wp-json\/wp\/v2\/types\/page"}],"author":[{"embeddable":true,"href":"http:\/\/www.euroteam.com.ro\/ro\/wp-json\/wp\/v2\/users\/1"}],"replies":[{"embeddable":true,"href":"http:\/\/www.euroteam.com.ro\/ro\/wp-json\/wp\/v2\/comments?post=1919"}],"version-history":[{"count":4,"href":"http:\/\/www.euroteam.com.ro\/ro\/wp-json\/wp\/v2\/pages\/1919\/revisions"}],"predecessor-version":[{"id":2159,"href":"http:\/\/www.euroteam.com.ro\/ro\/wp-json\/wp\/v2\/pages\/1919\/revisions\/2159"}],"wp:attachment":[{"href":"http:\/\/www.euroteam.com.ro\/ro\/wp-json\/wp\/v2\/media?parent=1919"}],"curies":[{"name":"wp","href":"https:\/\/api.w.org\/{rel}","templated":true}]}}