{"id":1923,"date":"2016-09-29T13:48:20","date_gmt":"2016-09-29T10:48:20","guid":{"rendered":"http:\/\/www.euroteam.com.ro\/?page_id=1923"},"modified":"2018-02-05T15:08:53","modified_gmt":"2018-02-05T12:08:53","slug":"contenzioso","status":"publish","type":"page","link":"http:\/\/www.euroteam.com.ro\/ro\/contenzioso\/","title":{"rendered":"Contencios"},"content":{"rendered":"<p>[vc_row][vc_column]<!-- #TRX_GAP_START# --><div class=\"sc_section\"><div class=\"sc_content content_wrap\"><h5 class=\"sc_title sc_title_divider \"><span class=\"sc_title_divider_before\"><\/span>Contencios<span class=\"sc_title_divider_after\"><\/span><\/h5>[vc_column_text]<\/p>\n<p style=\"text-align: justify;\"><img loading=\"lazy\" decoding=\"async\" class=\"size-full wp-image-1925 alignleft\" src=\"http:\/\/www.euroteam.com.ro\/wp-content\/uploads\/2016\/09\/avvocato.jpg\" alt=\"avvocato\" width=\"150\" height=\"150\" srcset=\"http:\/\/www.euroteam.com.ro\/wp-content\/uploads\/2016\/09\/avvocato.jpg 150w, http:\/\/www.euroteam.com.ro\/wp-content\/uploads\/2016\/09\/avvocato-68x68.jpg 68w, http:\/\/www.euroteam.com.ro\/wp-content\/uploads\/2016\/09\/avvocato-75x75.jpg 75w\" sizes=\"auto, (max-width: 150px) 100vw, 150px\" \/><\/p>\n<p>Este o politic\u0103 a firmei, atunci c\u00e2nd este posibil \u0219i adecvat, s\u0103 \u00eencerce s\u0103 ajung\u0103 la solu\u021bionarea pe cale amiabil\u0103 a litigiilor prin negocieri \u0219i tranzac\u021bii, \u00een loc s\u0103 recurg\u0103 imediat la proceduri judiciare.<\/p>\n<p>Cu toate acestea, dac\u0103 nu este posibil s\u0103 se ob\u021bin\u0103 rezultate \u00eentr-un mod diferit, ac\u021biunile \u00een instan\u021b\u0103 sunt preg\u0103tite \u0219i urm\u0103rite ferm. Practica firmei se extinde de la reprezentarea \u00een fa\u021ba instan\u021belor inferioare p\u00e2n\u0103 la Curtea Suprem\u0103 de Justi\u021bie \u0219i la instan\u021bele de arbitraj interne \u0219i interna\u021bionale.<\/p>\n<h5>Servicii legale<\/h5>\n<ul>\n<li>Recomand\u0103ri privind clauzele referitoare la legisla\u021bia \u0219i jurisdic\u021bia aplicabil\u0103;<\/li>\n<li>Recuperarea creditelor;<\/li>\n<li>Litigii comerciale \u0219i contractuale;<\/li>\n<li>Litigiile dintre ac\u021bionari;<\/li>\n<li>Insolven\u021b\u0103 \/ faliment;<\/li>\n<li>Litigii \u00een domeniul dreptului muncii (pentru angajatori \u0219i lucr\u0103tori);<\/li>\n<li>Litigiile dintre proprietari \u0219i chiria\u0219i;<\/li>\n<li>Responsabilitatea produc\u0103torului \u0219i protec\u021bia consumatorului;<\/li>\n<li>Litigii imobiliare;<\/li>\n<li>Litigii referitoare la brevete, m\u0103rci comerciale, drepturi de autor \u0219i alte drepturi de proprietate intelectual\u0103;<\/li>\n<li>Execu\u021bia for\u021bat\u0103 a hot\u0103r\u00e2rilor judec\u0103tore\u0219ti \u0219i a hot\u0103r\u00e2rilor arbitrale;<\/li>\n<li>Negocierea tranzac\u021biilor;<\/li>\n<li>Elaborarea clauzelor de arbitraj.<\/li>\n<\/ul>\n<p>[\/vc_column_text]<\/div><\/div><!-- #TRX_GAP_END# -->[\/vc_column][\/vc_row]<\/p>","protected":false},"excerpt":{"rendered":"<p>[vc_row][vc_column][\/vc_column][\/vc_row]<\/p>\n","protected":false},"author":1,"featured_media":0,"parent":0,"menu_order":0,"comment_status":"closed","ping_status":"closed","template":"","meta":{"footnotes":""},"class_list":["post-1923","page","type-page","status-publish","hentry"],"yoast_head":"<!-- This site is optimized with the Yoast SEO plugin v26.8 - https:\/\/yoast.com\/product\/yoast-seo-wordpress\/ -->\n<title>(Italiano) Contenzioso - Euroteam Profesional Corporation<\/title>\n<meta name=\"description\" content=\"(Italiano) Contenzioso - \u00c8 politica dello Studio, quando possibile e opportuno, cercare di raggiungere per i clienti una controversie mediante la negoziazione e la stipula di transazioni.\" \/>\n<meta name=\"robots\" content=\"index, follow, max-snippet:-1, max-image-preview:large, max-video-preview:-1\" \/>\n<link rel=\"canonical\" href=\"https:\/\/www.euroteam.com.ro\/ro\/contenzioso\/\" \/>\n<meta property=\"og:locale\" content=\"ro_RO\" \/>\n<meta property=\"og:type\" content=\"article\" \/>\n<meta property=\"og:title\" content=\"(Italiano) Contenzioso - Euroteam Profesional Corporation\" \/>\n<meta property=\"og:description\" content=\"(Italiano) Contenzioso - \u00c8 politica dello Studio, quando possibile e opportuno, cercare di raggiungere per i clienti una controversie mediante la negoziazione e la stipula di transazioni.\" \/>\n<meta property=\"og:url\" content=\"https:\/\/www.euroteam.com.ro\/ro\/contenzioso\/\" \/>\n<meta property=\"og:site_name\" content=\"Euroteam Profesional Corporation\" \/>\n<meta property=\"article:modified_time\" content=\"2018-02-05T12:08:53+00:00\" \/>\n<meta property=\"og:image\" content=\"http:\/\/www.euroteam.com.ro\/wp-content\/uploads\/2016\/09\/avvocato.jpg\" \/>\n<meta name=\"twitter:card\" content=\"summary_large_image\" \/>\n<meta name=\"twitter:label1\" content=\"Timp estimat pentru citire\" \/>\n\t<meta name=\"twitter:data1\" content=\"3 minute\" \/>\n<script type=\"application\/ld+json\" class=\"yoast-schema-graph\">{\"@context\":\"https:\/\/schema.org\",\"@graph\":[{\"@type\":\"WebPage\",\"@id\":\"https:\/\/www.euroteam.com.ro\/ro\/contenzioso\/\",\"url\":\"https:\/\/www.euroteam.com.ro\/ro\/contenzioso\/\",\"name\":\"(Italiano) Contenzioso - Euroteam Profesional Corporation\",\"isPartOf\":{\"@id\":\"https:\/\/www.euroteam.com.ro\/ro\/#website\"},\"primaryImageOfPage\":{\"@id\":\"https:\/\/www.euroteam.com.ro\/ro\/contenzioso\/#primaryimage\"},\"image\":{\"@id\":\"https:\/\/www.euroteam.com.ro\/ro\/contenzioso\/#primaryimage\"},\"thumbnailUrl\":\"http:\/\/www.euroteam.com.ro\/wp-content\/uploads\/2016\/09\/avvocato.jpg\",\"datePublished\":\"2016-09-29T10:48:20+00:00\",\"dateModified\":\"2018-02-05T12:08:53+00:00\",\"description\":\"(Italiano) Contenzioso - \u00c8 politica dello Studio, quando possibile e opportuno, cercare di raggiungere per i clienti una controversie mediante la negoziazione e la stipula di transazioni.\",\"breadcrumb\":{\"@id\":\"https:\/\/www.euroteam.com.ro\/ro\/contenzioso\/#breadcrumb\"},\"inLanguage\":\"ro-RO\",\"potentialAction\":[{\"@type\":\"ReadAction\",\"target\":[\"https:\/\/www.euroteam.com.ro\/ro\/contenzioso\/\"]}]},{\"@type\":\"ImageObject\",\"inLanguage\":\"ro-RO\",\"@id\":\"https:\/\/www.euroteam.com.ro\/ro\/contenzioso\/#primaryimage\",\"url\":\"http:\/\/www.euroteam.com.ro\/wp-content\/uploads\/2016\/09\/avvocato.jpg\",\"contentUrl\":\"http:\/\/www.euroteam.com.ro\/wp-content\/uploads\/2016\/09\/avvocato.jpg\"},{\"@type\":\"BreadcrumbList\",\"@id\":\"https:\/\/www.euroteam.com.ro\/ro\/contenzioso\/#breadcrumb\",\"itemListElement\":[{\"@type\":\"ListItem\",\"position\":1,\"name\":\"Prima pagin\u0103\",\"item\":\"https:\/\/www.euroteam.com.ro\/ro\/\"},{\"@type\":\"ListItem\",\"position\":2,\"name\":\"Contencios\"}]},{\"@type\":\"WebSite\",\"@id\":\"https:\/\/www.euroteam.com.ro\/ro\/#website\",\"url\":\"https:\/\/www.euroteam.com.ro\/ro\/\",\"name\":\"Euroteam Profesional Corporation\",\"description\":\"\",\"potentialAction\":[{\"@type\":\"SearchAction\",\"target\":{\"@type\":\"EntryPoint\",\"urlTemplate\":\"https:\/\/www.euroteam.com.ro\/ro\/?s={search_term_string}\"},\"query-input\":{\"@type\":\"PropertyValueSpecification\",\"valueRequired\":true,\"valueName\":\"search_term_string\"}}],\"inLanguage\":\"ro-RO\"}]}<\/script>\n<!-- \/ Yoast SEO plugin. -->","yoast_head_json":{"title":"(Italiano) Contenzioso - Euroteam Profesional Corporation","description":"(Italiano) Contenzioso - \u00c8 politica dello Studio, quando possibile e opportuno, cercare di raggiungere per i clienti una controversie mediante la negoziazione e la stipula di transazioni.","robots":{"index":"index","follow":"follow","max-snippet":"max-snippet:-1","max-image-preview":"max-image-preview:large","max-video-preview":"max-video-preview:-1"},"canonical":"https:\/\/www.euroteam.com.ro\/ro\/contenzioso\/","og_locale":"ro_RO","og_type":"article","og_title":"(Italiano) Contenzioso - Euroteam Profesional Corporation","og_description":"(Italiano) Contenzioso - \u00c8 politica dello Studio, quando possibile e opportuno, cercare di raggiungere per i clienti una controversie mediante la negoziazione e la stipula di transazioni.","og_url":"https:\/\/www.euroteam.com.ro\/ro\/contenzioso\/","og_site_name":"Euroteam Profesional Corporation","article_modified_time":"2018-02-05T12:08:53+00:00","og_image":[{"url":"http:\/\/www.euroteam.com.ro\/wp-content\/uploads\/2016\/09\/avvocato.jpg","type":"","width":"","height":""}],"twitter_card":"summary_large_image","twitter_misc":{"Timp estimat pentru citire":"3 minute"},"schema":{"@context":"https:\/\/schema.org","@graph":[{"@type":"WebPage","@id":"https:\/\/www.euroteam.com.ro\/ro\/contenzioso\/","url":"https:\/\/www.euroteam.com.ro\/ro\/contenzioso\/","name":"(Italiano) Contenzioso - Euroteam Profesional Corporation","isPartOf":{"@id":"https:\/\/www.euroteam.com.ro\/ro\/#website"},"primaryImageOfPage":{"@id":"https:\/\/www.euroteam.com.ro\/ro\/contenzioso\/#primaryimage"},"image":{"@id":"https:\/\/www.euroteam.com.ro\/ro\/contenzioso\/#primaryimage"},"thumbnailUrl":"http:\/\/www.euroteam.com.ro\/wp-content\/uploads\/2016\/09\/avvocato.jpg","datePublished":"2016-09-29T10:48:20+00:00","dateModified":"2018-02-05T12:08:53+00:00","description":"(Italiano) Contenzioso - \u00c8 politica dello Studio, quando possibile e opportuno, cercare di raggiungere per i clienti una controversie mediante la negoziazione e la stipula di transazioni.","breadcrumb":{"@id":"https:\/\/www.euroteam.com.ro\/ro\/contenzioso\/#breadcrumb"},"inLanguage":"ro-RO","potentialAction":[{"@type":"ReadAction","target":["https:\/\/www.euroteam.com.ro\/ro\/contenzioso\/"]}]},{"@type":"ImageObject","inLanguage":"ro-RO","@id":"https:\/\/www.euroteam.com.ro\/ro\/contenzioso\/#primaryimage","url":"http:\/\/www.euroteam.com.ro\/wp-content\/uploads\/2016\/09\/avvocato.jpg","contentUrl":"http:\/\/www.euroteam.com.ro\/wp-content\/uploads\/2016\/09\/avvocato.jpg"},{"@type":"BreadcrumbList","@id":"https:\/\/www.euroteam.com.ro\/ro\/contenzioso\/#breadcrumb","itemListElement":[{"@type":"ListItem","position":1,"name":"Prima pagin\u0103","item":"https:\/\/www.euroteam.com.ro\/ro\/"},{"@type":"ListItem","position":2,"name":"Contencios"}]},{"@type":"WebSite","@id":"https:\/\/www.euroteam.com.ro\/ro\/#website","url":"https:\/\/www.euroteam.com.ro\/ro\/","name":"Euroteam Profesional Corporation","description":"","potentialAction":[{"@type":"SearchAction","target":{"@type":"EntryPoint","urlTemplate":"https:\/\/www.euroteam.com.ro\/ro\/?s={search_term_string}"},"query-input":{"@type":"PropertyValueSpecification","valueRequired":true,"valueName":"search_term_string"}}],"inLanguage":"ro-RO"}]}},"_links":{"self":[{"href":"http:\/\/www.euroteam.com.ro\/ro\/wp-json\/wp\/v2\/pages\/1923","targetHints":{"allow":["GET"]}}],"collection":[{"href":"http:\/\/www.euroteam.com.ro\/ro\/wp-json\/wp\/v2\/pages"}],"about":[{"href":"http:\/\/www.euroteam.com.ro\/ro\/wp-json\/wp\/v2\/types\/page"}],"author":[{"embeddable":true,"href":"http:\/\/www.euroteam.com.ro\/ro\/wp-json\/wp\/v2\/users\/1"}],"replies":[{"embeddable":true,"href":"http:\/\/www.euroteam.com.ro\/ro\/wp-json\/wp\/v2\/comments?post=1923"}],"version-history":[{"count":5,"href":"http:\/\/www.euroteam.com.ro\/ro\/wp-json\/wp\/v2\/pages\/1923\/revisions"}],"predecessor-version":[{"id":2166,"href":"http:\/\/www.euroteam.com.ro\/ro\/wp-json\/wp\/v2\/pages\/1923\/revisions\/2166"}],"wp:attachment":[{"href":"http:\/\/www.euroteam.com.ro\/ro\/wp-json\/wp\/v2\/media?parent=1923"}],"curies":[{"name":"wp","href":"https:\/\/api.w.org\/{rel}","templated":true}]}}