{"id":1928,"date":"2016-09-29T14:11:40","date_gmt":"2016-09-29T11:11:40","guid":{"rendered":"http:\/\/www.euroteam.com.ro\/?page_id=1928"},"modified":"2018-02-05T12:51:43","modified_gmt":"2018-02-05T09:51:43","slug":"diritto-fiscale-e-tenute-contabile","status":"publish","type":"page","link":"http:\/\/www.euroteam.com.ro\/ro\/diritto-fiscale-e-tenute-contabile\/","title":{"rendered":"Drept fiscal si tinerea documentelor"},"content":{"rendered":"<p>[vc_row][vc_column]<!-- #TRX_GAP_START# --><div class=\"sc_section\"><div class=\"sc_content content_wrap\"><h5 class=\"sc_title sc_title_divider \"><span class=\"sc_title_divider_before\"><\/span>Drept fiscal si tinerea documentelor<span class=\"sc_title_divider_after\"><\/span><\/h5>[vc_column_text]<img loading=\"lazy\" decoding=\"async\" class=\"size-full wp-image-1931 alignleft\" src=\"http:\/\/www.euroteam.com.ro\/wp-content\/uploads\/2016\/09\/imag7.gif\" alt=\"Diritto fiscale e tenute contabile\" width=\"230\" height=\"186\" \/><\/p>\n<p>&nbsp;<\/p>\n<p>Avoca\u021bii no\u0219tri au dob\u00e2ndit o experien\u021b\u0103 semnificativ\u0103 \u00een materie fiscal\u0103, oferind sfaturi privind structurarea unei game largi de tranzac\u021bii corporative \u0219i financiare care vizeaz\u0103 maximizarea beneficiilor fiscale.<br \/>\nScopul nostru este de a optimiza pozi\u021bia fiscal\u0103 global\u0103 a clien\u021bilor no\u0219tri.<\/p>\n<p>&nbsp;<\/p>\n<p>&nbsp;<\/p>\n<p>Servicii Legale:<\/p>\n<ul>\n<li>Impozitarea corporativa;<\/li>\n<li>Impozitele pe venit;<\/li>\n<li>Impozite pe bunuri imobiliare;<\/li>\n<li>Stimulente fiscale pentru investitorii str\u0103ini;<\/li>\n<li>Repatrierea profiturilor;<\/li>\n<li>TVA;<\/li>\n<li>Deduceri fiscale;<\/li>\n<li>Cerin\u021bele privind reziden\u021ba fiscal\u0103 \u0219i obliga\u021biile fiscale ale nereziden\u021bilor;<\/li>\n<li>Negocierea clauzelor contractuale referitoare la r\u0103spunderea fiscal\u0103 (alocarea pierderilor fiscale, impozitarea la surs\u0103, taxele pe valoarea ad\u0103ugat\u0103);<\/li>\n<li>Dispute fiscale;<\/li>\n<li>Asisten\u021b\u0103 \u00een ceea ce prive\u0219te tratatele \u00eempotriva dublei impuneri.<\/li>\n<\/ul>\n<p>[\/vc_column_text]<\/div><\/div><!-- #TRX_GAP_END# -->[\/vc_column][\/vc_row]<\/p>","protected":false},"excerpt":{"rendered":"<p>[vc_row][vc_column][\/vc_column][\/vc_row]<\/p>\n","protected":false},"author":1,"featured_media":0,"parent":0,"menu_order":0,"comment_status":"closed","ping_status":"closed","template":"","meta":{"footnotes":""},"class_list":["post-1928","page","type-page","status-publish","hentry"],"yoast_head":"<!-- This site is optimized with the Yoast SEO plugin v26.8 - https:\/\/yoast.com\/product\/yoast-seo-wordpress\/ -->\n<title>(Italiano) Diritto fiscale e tenute contabile - Euroteam Profesional Corporation<\/title>\n<meta name=\"description\" content=\"(Italiano) Diritto fiscale e tenute contabile - i nostri legali hanno maturato un\u2019esperienza significativa in materia fiscale.\" \/>\n<meta name=\"robots\" content=\"index, follow, max-snippet:-1, max-image-preview:large, max-video-preview:-1\" \/>\n<link rel=\"canonical\" href=\"http:\/\/www.euroteam.com.ro\/en\/diritto-fiscale-e-tenute-contabile\/\" \/>\n<meta property=\"og:locale\" content=\"ro_RO\" \/>\n<meta property=\"og:type\" content=\"article\" \/>\n<meta property=\"og:title\" content=\"(Italiano) Diritto fiscale e tenute contabile - Euroteam Profesional Corporation\" \/>\n<meta property=\"og:description\" content=\"(Italiano) Diritto fiscale e tenute contabile - i nostri legali hanno maturato un\u2019esperienza significativa in materia fiscale.\" \/>\n<meta property=\"og:url\" content=\"http:\/\/www.euroteam.com.ro\/en\/diritto-fiscale-e-tenute-contabile\/\" \/>\n<meta property=\"og:site_name\" content=\"Euroteam Profesional Corporation\" \/>\n<meta property=\"article:modified_time\" content=\"2018-02-05T09:51:43+00:00\" \/>\n<meta property=\"og:image\" content=\"http:\/\/www.euroteam.com.ro\/wp-content\/uploads\/2016\/09\/imag7.gif\" \/>\n<meta name=\"twitter:card\" content=\"summary_large_image\" \/>\n<meta name=\"twitter:label1\" content=\"Timp estimat pentru citire\" \/>\n\t<meta name=\"twitter:data1\" content=\"2 minute\" \/>\n<script type=\"application\/ld+json\" class=\"yoast-schema-graph\">{\"@context\":\"https:\/\/schema.org\",\"@graph\":[{\"@type\":\"WebPage\",\"@id\":\"http:\/\/www.euroteam.com.ro\/en\/diritto-fiscale-e-tenute-contabile\/\",\"url\":\"http:\/\/www.euroteam.com.ro\/en\/diritto-fiscale-e-tenute-contabile\/\",\"name\":\"(Italiano) Diritto fiscale e tenute contabile - Euroteam Profesional Corporation\",\"isPartOf\":{\"@id\":\"https:\/\/www.euroteam.com.ro\/ro\/#website\"},\"primaryImageOfPage\":{\"@id\":\"http:\/\/www.euroteam.com.ro\/en\/diritto-fiscale-e-tenute-contabile\/#primaryimage\"},\"image\":{\"@id\":\"http:\/\/www.euroteam.com.ro\/en\/diritto-fiscale-e-tenute-contabile\/#primaryimage\"},\"thumbnailUrl\":\"http:\/\/www.euroteam.com.ro\/wp-content\/uploads\/2016\/09\/imag7.gif\",\"datePublished\":\"2016-09-29T11:11:40+00:00\",\"dateModified\":\"2018-02-05T09:51:43+00:00\",\"description\":\"(Italiano) Diritto fiscale e tenute contabile - i nostri legali hanno maturato un\u2019esperienza significativa in materia fiscale.\",\"breadcrumb\":{\"@id\":\"http:\/\/www.euroteam.com.ro\/en\/diritto-fiscale-e-tenute-contabile\/#breadcrumb\"},\"inLanguage\":\"ro-RO\",\"potentialAction\":[{\"@type\":\"ReadAction\",\"target\":[\"http:\/\/www.euroteam.com.ro\/en\/diritto-fiscale-e-tenute-contabile\/\"]}]},{\"@type\":\"ImageObject\",\"inLanguage\":\"ro-RO\",\"@id\":\"http:\/\/www.euroteam.com.ro\/en\/diritto-fiscale-e-tenute-contabile\/#primaryimage\",\"url\":\"http:\/\/www.euroteam.com.ro\/wp-content\/uploads\/2016\/09\/imag7.gif\",\"contentUrl\":\"http:\/\/www.euroteam.com.ro\/wp-content\/uploads\/2016\/09\/imag7.gif\"},{\"@type\":\"BreadcrumbList\",\"@id\":\"http:\/\/www.euroteam.com.ro\/en\/diritto-fiscale-e-tenute-contabile\/#breadcrumb\",\"itemListElement\":[{\"@type\":\"ListItem\",\"position\":1,\"name\":\"Prima pagin\u0103\",\"item\":\"https:\/\/www.euroteam.com.ro\/ro\/\"},{\"@type\":\"ListItem\",\"position\":2,\"name\":\"Tax law and bookkeeping\"}]},{\"@type\":\"WebSite\",\"@id\":\"https:\/\/www.euroteam.com.ro\/ro\/#website\",\"url\":\"https:\/\/www.euroteam.com.ro\/ro\/\",\"name\":\"Euroteam Profesional Corporation\",\"description\":\"\",\"potentialAction\":[{\"@type\":\"SearchAction\",\"target\":{\"@type\":\"EntryPoint\",\"urlTemplate\":\"https:\/\/www.euroteam.com.ro\/ro\/?s={search_term_string}\"},\"query-input\":{\"@type\":\"PropertyValueSpecification\",\"valueRequired\":true,\"valueName\":\"search_term_string\"}}],\"inLanguage\":\"ro-RO\"}]}<\/script>\n<!-- \/ Yoast SEO plugin. -->","yoast_head_json":{"title":"(Italiano) Diritto fiscale e tenute contabile - Euroteam Profesional Corporation","description":"(Italiano) Diritto fiscale e tenute contabile - i nostri legali hanno maturato un\u2019esperienza significativa in materia fiscale.","robots":{"index":"index","follow":"follow","max-snippet":"max-snippet:-1","max-image-preview":"max-image-preview:large","max-video-preview":"max-video-preview:-1"},"canonical":"http:\/\/www.euroteam.com.ro\/en\/diritto-fiscale-e-tenute-contabile\/","og_locale":"ro_RO","og_type":"article","og_title":"(Italiano) Diritto fiscale e tenute contabile - Euroteam Profesional Corporation","og_description":"(Italiano) Diritto fiscale e tenute contabile - i nostri legali hanno maturato un\u2019esperienza significativa in materia fiscale.","og_url":"http:\/\/www.euroteam.com.ro\/en\/diritto-fiscale-e-tenute-contabile\/","og_site_name":"Euroteam Profesional Corporation","article_modified_time":"2018-02-05T09:51:43+00:00","og_image":[{"url":"http:\/\/www.euroteam.com.ro\/wp-content\/uploads\/2016\/09\/imag7.gif","type":"","width":"","height":""}],"twitter_card":"summary_large_image","twitter_misc":{"Timp estimat pentru citire":"2 minute"},"schema":{"@context":"https:\/\/schema.org","@graph":[{"@type":"WebPage","@id":"http:\/\/www.euroteam.com.ro\/en\/diritto-fiscale-e-tenute-contabile\/","url":"http:\/\/www.euroteam.com.ro\/en\/diritto-fiscale-e-tenute-contabile\/","name":"(Italiano) Diritto fiscale e tenute contabile - Euroteam Profesional Corporation","isPartOf":{"@id":"https:\/\/www.euroteam.com.ro\/ro\/#website"},"primaryImageOfPage":{"@id":"http:\/\/www.euroteam.com.ro\/en\/diritto-fiscale-e-tenute-contabile\/#primaryimage"},"image":{"@id":"http:\/\/www.euroteam.com.ro\/en\/diritto-fiscale-e-tenute-contabile\/#primaryimage"},"thumbnailUrl":"http:\/\/www.euroteam.com.ro\/wp-content\/uploads\/2016\/09\/imag7.gif","datePublished":"2016-09-29T11:11:40+00:00","dateModified":"2018-02-05T09:51:43+00:00","description":"(Italiano) Diritto fiscale e tenute contabile - i nostri legali hanno maturato un\u2019esperienza significativa in materia fiscale.","breadcrumb":{"@id":"http:\/\/www.euroteam.com.ro\/en\/diritto-fiscale-e-tenute-contabile\/#breadcrumb"},"inLanguage":"ro-RO","potentialAction":[{"@type":"ReadAction","target":["http:\/\/www.euroteam.com.ro\/en\/diritto-fiscale-e-tenute-contabile\/"]}]},{"@type":"ImageObject","inLanguage":"ro-RO","@id":"http:\/\/www.euroteam.com.ro\/en\/diritto-fiscale-e-tenute-contabile\/#primaryimage","url":"http:\/\/www.euroteam.com.ro\/wp-content\/uploads\/2016\/09\/imag7.gif","contentUrl":"http:\/\/www.euroteam.com.ro\/wp-content\/uploads\/2016\/09\/imag7.gif"},{"@type":"BreadcrumbList","@id":"http:\/\/www.euroteam.com.ro\/en\/diritto-fiscale-e-tenute-contabile\/#breadcrumb","itemListElement":[{"@type":"ListItem","position":1,"name":"Prima pagin\u0103","item":"https:\/\/www.euroteam.com.ro\/ro\/"},{"@type":"ListItem","position":2,"name":"Tax law and bookkeeping"}]},{"@type":"WebSite","@id":"https:\/\/www.euroteam.com.ro\/ro\/#website","url":"https:\/\/www.euroteam.com.ro\/ro\/","name":"Euroteam Profesional Corporation","description":"","potentialAction":[{"@type":"SearchAction","target":{"@type":"EntryPoint","urlTemplate":"https:\/\/www.euroteam.com.ro\/ro\/?s={search_term_string}"},"query-input":{"@type":"PropertyValueSpecification","valueRequired":true,"valueName":"search_term_string"}}],"inLanguage":"ro-RO"}]}},"_links":{"self":[{"href":"http:\/\/www.euroteam.com.ro\/ro\/wp-json\/wp\/v2\/pages\/1928","targetHints":{"allow":["GET"]}}],"collection":[{"href":"http:\/\/www.euroteam.com.ro\/ro\/wp-json\/wp\/v2\/pages"}],"about":[{"href":"http:\/\/www.euroteam.com.ro\/ro\/wp-json\/wp\/v2\/types\/page"}],"author":[{"embeddable":true,"href":"http:\/\/www.euroteam.com.ro\/ro\/wp-json\/wp\/v2\/users\/1"}],"replies":[{"embeddable":true,"href":"http:\/\/www.euroteam.com.ro\/ro\/wp-json\/wp\/v2\/comments?post=1928"}],"version-history":[{"count":7,"href":"http:\/\/www.euroteam.com.ro\/ro\/wp-json\/wp\/v2\/pages\/1928\/revisions"}],"predecessor-version":[{"id":2156,"href":"http:\/\/www.euroteam.com.ro\/ro\/wp-json\/wp\/v2\/pages\/1928\/revisions\/2156"}],"wp:attachment":[{"href":"http:\/\/www.euroteam.com.ro\/ro\/wp-json\/wp\/v2\/media?parent=1928"}],"curies":[{"name":"wp","href":"https:\/\/api.w.org\/{rel}","templated":true}]}}