{"id":1937,"date":"2016-09-29T15:23:17","date_gmt":"2016-09-29T12:23:17","guid":{"rendered":"http:\/\/www.euroteam.com.ro\/?page_id=1937"},"modified":"2018-02-05T13:06:32","modified_gmt":"2018-02-05T10:06:32","slug":"diritto-immobiliare-e-transazioni-immobiliare","status":"publish","type":"page","link":"http:\/\/www.euroteam.com.ro\/ro\/diritto-immobiliare-e-transazioni-immobiliare\/","title":{"rendered":"Drept imobiliar si tranzactii imobiliare"},"content":{"rendered":"<p>[vc_row][vc_column]<!-- #TRX_GAP_START# --><div class=\"sc_section\"><div class=\"sc_content content_wrap\"><h5 class=\"sc_title sc_title_divider \"><span class=\"sc_title_divider_before\"><\/span>Drept imobiliar si tranzactii imobiliare<span class=\"sc_title_divider_after\"><\/span><\/h5>[vc_column_text]<\/p>\n<p><img loading=\"lazy\" decoding=\"async\" class=\"size-medium wp-image-1939 alignleft\" src=\"http:\/\/www.euroteam.com.ro\/wp-content\/uploads\/2016\/09\/Comparto1Lotto2e4-300x210.jpg\" alt=\"comparto1lotto2e4\" width=\"300\" height=\"210\" srcset=\"http:\/\/www.euroteam.com.ro\/wp-content\/uploads\/2016\/09\/Comparto1Lotto2e4-300x210.jpg 300w, http:\/\/www.euroteam.com.ro\/wp-content\/uploads\/2016\/09\/Comparto1Lotto2e4-768x539.jpg 768w, http:\/\/www.euroteam.com.ro\/wp-content\/uploads\/2016\/09\/Comparto1Lotto2e4-750x526.jpg 750w, http:\/\/www.euroteam.com.ro\/wp-content\/uploads\/2016\/09\/Comparto1Lotto2e4-400x281.jpg 400w, http:\/\/www.euroteam.com.ro\/wp-content\/uploads\/2016\/09\/Comparto1Lotto2e4-68x48.jpg 68w, http:\/\/www.euroteam.com.ro\/wp-content\/uploads\/2016\/09\/Comparto1Lotto2e4-250x175.jpg 250w, http:\/\/www.euroteam.com.ro\/wp-content\/uploads\/2016\/09\/Comparto1Lotto2e4.jpg 800w\" sizes=\"auto, (max-width: 300px) 100vw, 300px\" \/><\/p>\n<p>O parte semnificativ\u0103 a activit\u0103\u021bii noastre const\u0103 \u00een consiliere \u00een domeniul dreptului imobiliar. \u00cen special, Studio <strong>EPC<\/strong> ofer\u0103 consultan\u021b\u0103 clien\u021bilor \u00een rolul lor de investitori, &#8222;dezvoltatori&#8221;, proprietari \u0219i constructori.<\/p>\n<p>Sectorul imobiliar \u0219i construc\u021bii este cea mai rapid\u0103 cre\u0219tere din Rom\u00e2nia, av\u00e2nd \u00een vedere volumul v\u00e2nz\u0103rilor \u0219i cump\u0103r\u0103rilor de unit\u0103\u021bi imobiliare, precum \u0219i num\u0103rul tot mai mare al investitorilor priva\u021bi din sectorul infrastructurii.<\/p>\n<p>Obiectivul este acela de a permite clien\u021bilor s\u0103 reduc\u0103 riscurile contractuale asociate proiectelor de construc\u021bii \u0219i s\u0103 rezolve orice litigii contractuale. Oferim un serviciu complet \u00een domeniul imobiliar, inclusiv toate aspectele legale legate direct sau indirect de dreptul de proprietate.<\/p>\n<p>&nbsp;<\/p>\n<h5>Servicii Legale:<\/h5>\n<ul>\n<li>\n<div align=\"left\">Consultanta si elaborarea tuturor documentelor necesare si indeplinirea tuturor formalitatilor necesare vanzarii de terenuri si cladiri, proprietati comerciale sau rezidentiale, cu referire in special la achizitionarea de bunuri imobiliare in Romania de catre straini;<\/div>\n<\/li>\n<li>\n<div align=\"left\">\u00cenregistrarea contractelor;<\/div>\n<\/li>\n<li>\n<div align=\"left\">Finan\u021bare, leasing \u0219i concesiuni;<\/div>\n<\/li>\n<li>\n<div align=\"left\">Locazioni e affitti;<\/div>\n<\/li>\n<li>\n<div align=\"left\">Toate aspectele legate de activitatea &#8222;<em>dezvoltatorilor<\/em>&#8222;;<\/div>\n<\/li>\n<li>\n<div align=\"left\">Consultan\u021b\u0103 privind \u00eenfiin\u021barea de tranzac\u021bii \u0219i planuri de dezvoltare imobiliar\u0103, negocierea cu autorit\u0103\u021bile locale, consiliere cu privire la aspecte legate de legisla\u021bia de mediu referitoare la tranzac\u021biile imobiliare;<\/div>\n<\/li>\n<li>\n<div align=\"left\">Daune materiale \u0219i ac\u021biuni \u00een desp\u0103gubiri;<\/div>\n<\/li>\n<li>\n<div align=\"left\">Impozitarea bunurilor imobile;<\/div>\n<\/li>\n<li>\n<div align=\"left\">Consultan\u021b\u0103 pentru <em>dezvoltatori<\/em> \u0219i ocupan\u021bi;<\/div>\n<\/li>\n<li>\n<div align=\"left\">Oferte publice de v\u00e2nzare \u0219i cump\u0103rare;<\/div>\n<\/li>\n<li>\n<div align=\"left\">Legisla\u021bie fiscal\u0103 na\u021bional\u0103 \u0219i interna\u021bional\u0103 \u0219i asisten\u021b\u0103 \u00een planificarea fiscal\u0103 \u00een domeniul imobiliar;<\/div>\n<\/li>\n<li>\n<div align=\"left\">Litigii.<\/div>\n<\/li>\n<\/ul>\n<p>[\/vc_column_text]<\/div><\/div><!-- #TRX_GAP_END# -->[\/vc_column][\/vc_row]<\/p>","protected":false},"excerpt":{"rendered":"<p>[vc_row][vc_column][\/vc_column][\/vc_row]<\/p>\n","protected":false},"author":1,"featured_media":0,"parent":0,"menu_order":0,"comment_status":"closed","ping_status":"closed","template":"","meta":{"footnotes":""},"class_list":["post-1937","page","type-page","status-publish","hentry"],"yoast_head":"<!-- This site is optimized with the Yoast SEO plugin v26.8 - https:\/\/yoast.com\/product\/yoast-seo-wordpress\/ -->\n<title>Diritto immobiliare e transazioni immobiliare - Euroteam Profesional Corporation<\/title>\n<meta name=\"description\" content=\"Diritto immobiliare e transazioni immobiliare, una parte significativa della nostra attivit\u00e0 consiste nella consulenza in materia di diritto immobiliare.\" \/>\n<meta name=\"robots\" content=\"index, follow, max-snippet:-1, max-image-preview:large, max-video-preview:-1\" \/>\n<link rel=\"canonical\" href=\"http:\/\/www.euroteam.com.ro\/diritto-immobiliare-e-transazioni-immobiliare\/\" \/>\n<meta property=\"og:locale\" content=\"ro_RO\" \/>\n<meta property=\"og:type\" content=\"article\" \/>\n<meta property=\"og:title\" content=\"Diritto immobiliare e transazioni immobiliare - Euroteam Profesional Corporation\" \/>\n<meta property=\"og:description\" content=\"Diritto immobiliare e transazioni immobiliare, una parte significativa della nostra attivit\u00e0 consiste nella consulenza in materia di diritto immobiliare.\" \/>\n<meta property=\"og:url\" content=\"http:\/\/www.euroteam.com.ro\/diritto-immobiliare-e-transazioni-immobiliare\/\" \/>\n<meta property=\"og:site_name\" content=\"Euroteam Profesional Corporation\" \/>\n<meta property=\"article:modified_time\" content=\"2018-02-05T10:06:32+00:00\" \/>\n<meta property=\"og:image\" content=\"http:\/\/www.euroteam.com.ro\/wp-content\/uploads\/2016\/09\/Comparto1Lotto2e4-300x210.jpg\" \/>\n<meta name=\"twitter:card\" content=\"summary_large_image\" \/>\n<meta name=\"twitter:label1\" content=\"Timp estimat pentru citire\" \/>\n\t<meta name=\"twitter:data1\" content=\"4 minute\" \/>\n<script type=\"application\/ld+json\" class=\"yoast-schema-graph\">{\"@context\":\"https:\/\/schema.org\",\"@graph\":[{\"@type\":\"WebPage\",\"@id\":\"http:\/\/www.euroteam.com.ro\/diritto-immobiliare-e-transazioni-immobiliare\/\",\"url\":\"http:\/\/www.euroteam.com.ro\/diritto-immobiliare-e-transazioni-immobiliare\/\",\"name\":\"Diritto immobiliare e transazioni immobiliare - Euroteam Profesional Corporation\",\"isPartOf\":{\"@id\":\"https:\/\/www.euroteam.com.ro\/ro\/#website\"},\"primaryImageOfPage\":{\"@id\":\"http:\/\/www.euroteam.com.ro\/diritto-immobiliare-e-transazioni-immobiliare\/#primaryimage\"},\"image\":{\"@id\":\"http:\/\/www.euroteam.com.ro\/diritto-immobiliare-e-transazioni-immobiliare\/#primaryimage\"},\"thumbnailUrl\":\"http:\/\/www.euroteam.com.ro\/wp-content\/uploads\/2016\/09\/Comparto1Lotto2e4-300x210.jpg\",\"datePublished\":\"2016-09-29T12:23:17+00:00\",\"dateModified\":\"2018-02-05T10:06:32+00:00\",\"description\":\"Diritto immobiliare e transazioni immobiliare, una parte significativa della nostra attivit\u00e0 consiste nella consulenza in materia di diritto immobiliare.\",\"breadcrumb\":{\"@id\":\"http:\/\/www.euroteam.com.ro\/diritto-immobiliare-e-transazioni-immobiliare\/#breadcrumb\"},\"inLanguage\":\"ro-RO\",\"potentialAction\":[{\"@type\":\"ReadAction\",\"target\":[\"http:\/\/www.euroteam.com.ro\/diritto-immobiliare-e-transazioni-immobiliare\/\"]}]},{\"@type\":\"ImageObject\",\"inLanguage\":\"ro-RO\",\"@id\":\"http:\/\/www.euroteam.com.ro\/diritto-immobiliare-e-transazioni-immobiliare\/#primaryimage\",\"url\":\"http:\/\/www.euroteam.com.ro\/wp-content\/uploads\/2016\/09\/Comparto1Lotto2e4-300x210.jpg\",\"contentUrl\":\"http:\/\/www.euroteam.com.ro\/wp-content\/uploads\/2016\/09\/Comparto1Lotto2e4-300x210.jpg\"},{\"@type\":\"BreadcrumbList\",\"@id\":\"http:\/\/www.euroteam.com.ro\/diritto-immobiliare-e-transazioni-immobiliare\/#breadcrumb\",\"itemListElement\":[{\"@type\":\"ListItem\",\"position\":1,\"name\":\"Prima pagin\u0103\",\"item\":\"https:\/\/www.euroteam.com.ro\/ro\/\"},{\"@type\":\"ListItem\",\"position\":2,\"name\":\"Diritto immobiliare e transazioni immobiliare\"}]},{\"@type\":\"WebSite\",\"@id\":\"https:\/\/www.euroteam.com.ro\/ro\/#website\",\"url\":\"https:\/\/www.euroteam.com.ro\/ro\/\",\"name\":\"Euroteam Profesional Corporation\",\"description\":\"\",\"potentialAction\":[{\"@type\":\"SearchAction\",\"target\":{\"@type\":\"EntryPoint\",\"urlTemplate\":\"https:\/\/www.euroteam.com.ro\/ro\/?s={search_term_string}\"},\"query-input\":{\"@type\":\"PropertyValueSpecification\",\"valueRequired\":true,\"valueName\":\"search_term_string\"}}],\"inLanguage\":\"ro-RO\"}]}<\/script>\n<!-- \/ Yoast SEO plugin. -->","yoast_head_json":{"title":"Diritto immobiliare e transazioni immobiliare - Euroteam Profesional Corporation","description":"Diritto immobiliare e transazioni immobiliare, una parte significativa della nostra attivit\u00e0 consiste nella consulenza in materia di diritto immobiliare.","robots":{"index":"index","follow":"follow","max-snippet":"max-snippet:-1","max-image-preview":"max-image-preview:large","max-video-preview":"max-video-preview:-1"},"canonical":"http:\/\/www.euroteam.com.ro\/diritto-immobiliare-e-transazioni-immobiliare\/","og_locale":"ro_RO","og_type":"article","og_title":"Diritto immobiliare e transazioni immobiliare - Euroteam Profesional Corporation","og_description":"Diritto immobiliare e transazioni immobiliare, una parte significativa della nostra attivit\u00e0 consiste nella consulenza in materia di diritto immobiliare.","og_url":"http:\/\/www.euroteam.com.ro\/diritto-immobiliare-e-transazioni-immobiliare\/","og_site_name":"Euroteam Profesional Corporation","article_modified_time":"2018-02-05T10:06:32+00:00","og_image":[{"url":"http:\/\/www.euroteam.com.ro\/wp-content\/uploads\/2016\/09\/Comparto1Lotto2e4-300x210.jpg","type":"","width":"","height":""}],"twitter_card":"summary_large_image","twitter_misc":{"Timp estimat pentru citire":"4 minute"},"schema":{"@context":"https:\/\/schema.org","@graph":[{"@type":"WebPage","@id":"http:\/\/www.euroteam.com.ro\/diritto-immobiliare-e-transazioni-immobiliare\/","url":"http:\/\/www.euroteam.com.ro\/diritto-immobiliare-e-transazioni-immobiliare\/","name":"Diritto immobiliare e transazioni immobiliare - Euroteam Profesional Corporation","isPartOf":{"@id":"https:\/\/www.euroteam.com.ro\/ro\/#website"},"primaryImageOfPage":{"@id":"http:\/\/www.euroteam.com.ro\/diritto-immobiliare-e-transazioni-immobiliare\/#primaryimage"},"image":{"@id":"http:\/\/www.euroteam.com.ro\/diritto-immobiliare-e-transazioni-immobiliare\/#primaryimage"},"thumbnailUrl":"http:\/\/www.euroteam.com.ro\/wp-content\/uploads\/2016\/09\/Comparto1Lotto2e4-300x210.jpg","datePublished":"2016-09-29T12:23:17+00:00","dateModified":"2018-02-05T10:06:32+00:00","description":"Diritto immobiliare e transazioni immobiliare, una parte significativa della nostra attivit\u00e0 consiste nella consulenza in materia di diritto immobiliare.","breadcrumb":{"@id":"http:\/\/www.euroteam.com.ro\/diritto-immobiliare-e-transazioni-immobiliare\/#breadcrumb"},"inLanguage":"ro-RO","potentialAction":[{"@type":"ReadAction","target":["http:\/\/www.euroteam.com.ro\/diritto-immobiliare-e-transazioni-immobiliare\/"]}]},{"@type":"ImageObject","inLanguage":"ro-RO","@id":"http:\/\/www.euroteam.com.ro\/diritto-immobiliare-e-transazioni-immobiliare\/#primaryimage","url":"http:\/\/www.euroteam.com.ro\/wp-content\/uploads\/2016\/09\/Comparto1Lotto2e4-300x210.jpg","contentUrl":"http:\/\/www.euroteam.com.ro\/wp-content\/uploads\/2016\/09\/Comparto1Lotto2e4-300x210.jpg"},{"@type":"BreadcrumbList","@id":"http:\/\/www.euroteam.com.ro\/diritto-immobiliare-e-transazioni-immobiliare\/#breadcrumb","itemListElement":[{"@type":"ListItem","position":1,"name":"Prima pagin\u0103","item":"https:\/\/www.euroteam.com.ro\/ro\/"},{"@type":"ListItem","position":2,"name":"Diritto immobiliare e transazioni immobiliare"}]},{"@type":"WebSite","@id":"https:\/\/www.euroteam.com.ro\/ro\/#website","url":"https:\/\/www.euroteam.com.ro\/ro\/","name":"Euroteam Profesional Corporation","description":"","potentialAction":[{"@type":"SearchAction","target":{"@type":"EntryPoint","urlTemplate":"https:\/\/www.euroteam.com.ro\/ro\/?s={search_term_string}"},"query-input":{"@type":"PropertyValueSpecification","valueRequired":true,"valueName":"search_term_string"}}],"inLanguage":"ro-RO"}]}},"_links":{"self":[{"href":"http:\/\/www.euroteam.com.ro\/ro\/wp-json\/wp\/v2\/pages\/1937","targetHints":{"allow":["GET"]}}],"collection":[{"href":"http:\/\/www.euroteam.com.ro\/ro\/wp-json\/wp\/v2\/pages"}],"about":[{"href":"http:\/\/www.euroteam.com.ro\/ro\/wp-json\/wp\/v2\/types\/page"}],"author":[{"embeddable":true,"href":"http:\/\/www.euroteam.com.ro\/ro\/wp-json\/wp\/v2\/users\/1"}],"replies":[{"embeddable":true,"href":"http:\/\/www.euroteam.com.ro\/ro\/wp-json\/wp\/v2\/comments?post=1937"}],"version-history":[{"count":8,"href":"http:\/\/www.euroteam.com.ro\/ro\/wp-json\/wp\/v2\/pages\/1937\/revisions"}],"predecessor-version":[{"id":2157,"href":"http:\/\/www.euroteam.com.ro\/ro\/wp-json\/wp\/v2\/pages\/1937\/revisions\/2157"}],"wp:attachment":[{"href":"http:\/\/www.euroteam.com.ro\/ro\/wp-json\/wp\/v2\/media?parent=1937"}],"curies":[{"name":"wp","href":"https:\/\/api.w.org\/{rel}","templated":true}]}}