{"id":1954,"date":"2016-09-29T16:47:44","date_gmt":"2016-09-29T13:47:44","guid":{"rendered":"http:\/\/www.euroteam.com.ro\/?page_id=1954"},"modified":"2018-02-05T14:44:11","modified_gmt":"2018-02-05T11:44:11","slug":"ricerca-partner","status":"publish","type":"page","link":"http:\/\/www.euroteam.com.ro\/ro\/ricerca-partner\/","title":{"rendered":"Cautari de Parteneri"},"content":{"rendered":"<p>[vc_row][vc_column]<!-- #TRX_GAP_START# --><div class=\"sc_section\"><div class=\"sc_content content_wrap\"><h5 class=\"sc_title sc_title_divider \"><span class=\"sc_title_divider_before\"><\/span>Cautari de Parteneri<span class=\"sc_title_divider_after\"><\/span><\/h5>[vc_column_text]<img loading=\"lazy\" decoding=\"async\" class=\"wp-image-1956 alignleft\" src=\"http:\/\/www.euroteam.com.ro\/wp-content\/uploads\/2016\/09\/phildate051000041.jpg\" alt=\"phildate051000041\" width=\"204\" height=\"137\" srcset=\"http:\/\/www.euroteam.com.ro\/wp-content\/uploads\/2016\/09\/phildate051000041.jpg 168w, http:\/\/www.euroteam.com.ro\/wp-content\/uploads\/2016\/09\/phildate051000041-68x46.jpg 68w\" sizes=\"auto, (max-width: 204px) 100vw, 204px\" \/><\/p>\n<p><strong>EPC<\/strong> promoveaz\u0103 dezvoltarea \u00een rela\u021biile comerciale dintre companiile din diferite \u021b\u0103ri \u0219i parteneri comerciali de cercetare pentru distribu\u021bie, construind re\u021bele reale de parteneriate transna\u021bionale.<\/p>\n<p>Este foarte rar pentru IMM-uri s\u0103 aib\u0103 claritate cu privire la partenerul cel mai potrivit pentru compania lor, mai ales dac\u0103 acest partener este o companie din Europa de Est.<\/p>\n<p>De aici necesitatea de a construi alian\u021be competitive sub form\u0103 de re\u021bele de \u00eentreprinderi, na\u021bionale \u0219i interna\u021bionale, \u00een special pentru IMM-uri, care s\u0103 le permit\u0103 s\u0103 ating\u0103 o mas\u0103 critic\u0103 suficient\u0103 pentru a intra \u0219i de a supravie\u021bui \u00een realitatea pie\u021bei mondiale.<\/p>\n<p>Prezent \u0219i \u00eenr\u0103d\u0103cinate \u00een teritoriu, <strong>EPC<\/strong> g\u0103si \u0219i selecta\u021bi \u00eentr-un public local orientat \u0219i parteneri priva\u021bi pentru comerciale, industriale sau financiare, potrivit pentru a v\u0103 \u00eenso\u021bi \u00een strategia de abordare a pie\u021bei.<\/p>\n<p>Experien\u021ba noastr\u0103 \u00een c\u0103utarea de parteneri de afaceri, la toate nivelurile este disponibil companiilor dreapta din etapele preliminare pentru a le ajuta s\u0103 \u00een\u021beleag\u0103 oportunit\u0103\u021bile oferite de pia\u021ba rom\u00e2neasc\u0103, oferind servicii de recuperare de date, poten\u021bialul de evaluare \u0219i de acompaniament.<\/p>\n<p>Europa de Est nu este doar o pia\u021b\u0103 de desfacere, ci \u0219i o surs\u0103 de aprovizionare pentru diverse produse semifinite \u0219i finite.<\/p>\n<p>Pe l\u00e2ng\u0103 c\u0103utarea pentru importatori \/ distribuitori, <strong>EPC<\/strong> permite companiilor italiene s\u0103 identifice, de asemenea, poten\u021biali furnizori, prin cercetare \u0219i testare efectuate pe site-ul de personalul nostru, in timp ce minimizarea riscurilor \u0219i utilizarea deplin\u0103 a oportunit\u0103\u021bilor oferite de pia\u021b\u0103.<\/p>\n<p>Prin definirea obiectivelor de parteneriat (cerin\u021be, caracteristici, motiva\u021bii, etc.), <strong>EPC<\/strong> \u0219i de cercetare identific\u0103 pentru companiile partenere \u021bineai pentru finalizarea diaccordi financiare, comerciale \u0219i tehnico-productiv\u0103.<\/p>\n<p>Prin cercetare atent\u0103, posibil datorit\u0103 cuno\u0219tin\u021be vaste a pie\u021belor \u0219i a realit\u0103\u021bii sectoriale, precum \u0219i selectarea \u0219i difuzarea de propuneri de colaborare din partea managerului rom\u00e2n, moldoveni, bulgari \u0219i ucraineni, <strong>EPC<\/strong> ofer\u0103 \u00eentreprinderilor diferite tipuri de ele pentru a spori instrumente de contact cu poten\u021biali parteneri.<\/p>\n<p>Abilitatea de a verifica soliditatea oric\u0103rui tip de parteneri prin studii efectuate \u00een persoan\u0103 sau cu sprijinul agen\u021biilor specializate, <strong>EPC<\/strong> sus\u021bine clien\u021bii care serve\u0219te ca o punte de leg\u0103tur\u0103 \u00eentre companii pentru a realiza un aranjament \u00een condi\u021bii de siguran\u021b\u0103 \u0219i \u00een timp rezonabil.<\/p>\n<p>Personalul <strong>EPC<\/strong> verific\u0103 mereu disponibilitatea partenerilor poten\u021biali de a dezvolta colabor\u0103ri comerciale sau productive, sub rezerva unei evalu\u0103ri a seriozit\u0103\u021bii \u0219i a solidit\u0103\u021bii financiare.<\/p>\n<p><strong>EPC<\/strong> informeaz\u0103 clientul a formei juridice a dimensiunii poten\u021bialului partener (num\u0103r de angaja\u021bi, cifra de afaceri, de capital, etc.), tipul de produc\u021bie \u0219i activit\u0103\u021bi (pia\u021ba local\u0103 \u0219i de export, import).<\/p>\n<p>Colaborarea cu cei mai mari companii din domeniile lor respective, <strong>EPC<\/strong>, v\u0103 va permite s\u0103 dezvolte solu\u021bii extrem de competitive \u0219i s\u0103 r\u0103m\u00e2n\u0103 la curent cu cele mai bune tehnologii disponibile pe pia\u021b\u0103.<\/p>\n<p>Dup\u0103 g\u0103sirea unui acord cu partenerul, negocierile \u0219i procedurile care conduc la formarea unei companii mixte pot fi lungi \u0219i complexe.<\/p>\n<p>Prin experien\u021ba \u0219i expertiza personalului s\u0103u local, <strong>EPC<\/strong> ofer\u0103 asisten\u021b\u0103 clien\u021bilor s\u0103i \u00een evaluarea preliminar\u0103 \u0219i crearea de \u00eentreprinderi mixte cu parteneri rom\u00e2ni, moldoveni, bulgari \u0219i ucraineni.<\/p>\n<p>[\/vc_column_text]<\/div><\/div><!-- #TRX_GAP_END# -->[\/vc_column][\/vc_row]<\/p>","protected":false},"excerpt":{"rendered":"<p>Din p\u0103cate acest articol este disponibil doar \u00een Italiano.<\/p>\n","protected":false},"author":1,"featured_media":0,"parent":0,"menu_order":0,"comment_status":"closed","ping_status":"closed","template":"","meta":{"footnotes":""},"class_list":["post-1954","page","type-page","status-publish","hentry"],"yoast_head":"<!-- This site is optimized with the Yoast SEO plugin v26.8 - https:\/\/yoast.com\/product\/yoast-seo-wordpress\/ -->\n<title>Ricerca Partner - Euroteam Profesional Corporation<\/title>\n<meta name=\"description\" content=\"EPC favorisce lo sviluppo nelle relazioni commerciali fra aziende di diversi Paesi e ricerca partner commerciali per la distribuzione.\" \/>\n<meta name=\"robots\" content=\"index, follow, max-snippet:-1, max-image-preview:large, max-video-preview:-1\" \/>\n<link rel=\"canonical\" href=\"http:\/\/www.euroteam.com.ro\/ricerca-partner\/\" \/>\n<meta property=\"og:locale\" content=\"ro_RO\" \/>\n<meta property=\"og:type\" content=\"article\" \/>\n<meta property=\"og:title\" content=\"Ricerca Partner - Euroteam Profesional Corporation\" \/>\n<meta property=\"og:description\" content=\"EPC favorisce lo sviluppo nelle relazioni commerciali fra aziende di diversi Paesi e ricerca partner commerciali per la distribuzione.\" \/>\n<meta property=\"og:url\" content=\"http:\/\/www.euroteam.com.ro\/ricerca-partner\/\" \/>\n<meta property=\"og:site_name\" content=\"Euroteam Profesional Corporation\" \/>\n<meta property=\"article:modified_time\" content=\"2018-02-05T11:44:11+00:00\" \/>\n<meta property=\"og:image\" content=\"http:\/\/www.euroteam.com.ro\/wp-content\/uploads\/2016\/09\/phildate051000041.jpg\" \/>\n<meta name=\"twitter:card\" content=\"summary_large_image\" \/>\n<meta name=\"twitter:label1\" content=\"Timp estimat pentru citire\" \/>\n\t<meta name=\"twitter:data1\" content=\"8 minute\" \/>\n<script type=\"application\/ld+json\" class=\"yoast-schema-graph\">{\"@context\":\"https:\/\/schema.org\",\"@graph\":[{\"@type\":\"WebPage\",\"@id\":\"http:\/\/www.euroteam.com.ro\/ricerca-partner\/\",\"url\":\"http:\/\/www.euroteam.com.ro\/ricerca-partner\/\",\"name\":\"Ricerca Partner - Euroteam Profesional Corporation\",\"isPartOf\":{\"@id\":\"https:\/\/www.euroteam.com.ro\/ro\/#website\"},\"primaryImageOfPage\":{\"@id\":\"http:\/\/www.euroteam.com.ro\/ricerca-partner\/#primaryimage\"},\"image\":{\"@id\":\"http:\/\/www.euroteam.com.ro\/ricerca-partner\/#primaryimage\"},\"thumbnailUrl\":\"http:\/\/www.euroteam.com.ro\/wp-content\/uploads\/2016\/09\/phildate051000041.jpg\",\"datePublished\":\"2016-09-29T13:47:44+00:00\",\"dateModified\":\"2018-02-05T11:44:11+00:00\",\"description\":\"EPC favorisce lo sviluppo nelle relazioni commerciali fra aziende di diversi Paesi e ricerca partner commerciali per la distribuzione.\",\"breadcrumb\":{\"@id\":\"http:\/\/www.euroteam.com.ro\/ricerca-partner\/#breadcrumb\"},\"inLanguage\":\"ro-RO\",\"potentialAction\":[{\"@type\":\"ReadAction\",\"target\":[\"http:\/\/www.euroteam.com.ro\/ricerca-partner\/\"]}]},{\"@type\":\"ImageObject\",\"inLanguage\":\"ro-RO\",\"@id\":\"http:\/\/www.euroteam.com.ro\/ricerca-partner\/#primaryimage\",\"url\":\"http:\/\/www.euroteam.com.ro\/wp-content\/uploads\/2016\/09\/phildate051000041.jpg\",\"contentUrl\":\"http:\/\/www.euroteam.com.ro\/wp-content\/uploads\/2016\/09\/phildate051000041.jpg\"},{\"@type\":\"BreadcrumbList\",\"@id\":\"http:\/\/www.euroteam.com.ro\/ricerca-partner\/#breadcrumb\",\"itemListElement\":[{\"@type\":\"ListItem\",\"position\":1,\"name\":\"Prima pagin\u0103\",\"item\":\"https:\/\/www.euroteam.com.ro\/ro\/\"},{\"@type\":\"ListItem\",\"position\":2,\"name\":\"Ricerca Partner\"}]},{\"@type\":\"WebSite\",\"@id\":\"https:\/\/www.euroteam.com.ro\/ro\/#website\",\"url\":\"https:\/\/www.euroteam.com.ro\/ro\/\",\"name\":\"Euroteam Profesional Corporation\",\"description\":\"\",\"potentialAction\":[{\"@type\":\"SearchAction\",\"target\":{\"@type\":\"EntryPoint\",\"urlTemplate\":\"https:\/\/www.euroteam.com.ro\/ro\/?s={search_term_string}\"},\"query-input\":{\"@type\":\"PropertyValueSpecification\",\"valueRequired\":true,\"valueName\":\"search_term_string\"}}],\"inLanguage\":\"ro-RO\"}]}<\/script>\n<!-- \/ Yoast SEO plugin. -->","yoast_head_json":{"title":"Ricerca Partner - Euroteam Profesional Corporation","description":"EPC favorisce lo sviluppo nelle relazioni commerciali fra aziende di diversi Paesi e ricerca partner commerciali per la distribuzione.","robots":{"index":"index","follow":"follow","max-snippet":"max-snippet:-1","max-image-preview":"max-image-preview:large","max-video-preview":"max-video-preview:-1"},"canonical":"http:\/\/www.euroteam.com.ro\/ricerca-partner\/","og_locale":"ro_RO","og_type":"article","og_title":"Ricerca Partner - Euroteam Profesional Corporation","og_description":"EPC favorisce lo sviluppo nelle relazioni commerciali fra aziende di diversi Paesi e ricerca partner commerciali per la distribuzione.","og_url":"http:\/\/www.euroteam.com.ro\/ricerca-partner\/","og_site_name":"Euroteam Profesional Corporation","article_modified_time":"2018-02-05T11:44:11+00:00","og_image":[{"url":"http:\/\/www.euroteam.com.ro\/wp-content\/uploads\/2016\/09\/phildate051000041.jpg","type":"","width":"","height":""}],"twitter_card":"summary_large_image","twitter_misc":{"Timp estimat pentru citire":"8 minute"},"schema":{"@context":"https:\/\/schema.org","@graph":[{"@type":"WebPage","@id":"http:\/\/www.euroteam.com.ro\/ricerca-partner\/","url":"http:\/\/www.euroteam.com.ro\/ricerca-partner\/","name":"Ricerca Partner - Euroteam Profesional Corporation","isPartOf":{"@id":"https:\/\/www.euroteam.com.ro\/ro\/#website"},"primaryImageOfPage":{"@id":"http:\/\/www.euroteam.com.ro\/ricerca-partner\/#primaryimage"},"image":{"@id":"http:\/\/www.euroteam.com.ro\/ricerca-partner\/#primaryimage"},"thumbnailUrl":"http:\/\/www.euroteam.com.ro\/wp-content\/uploads\/2016\/09\/phildate051000041.jpg","datePublished":"2016-09-29T13:47:44+00:00","dateModified":"2018-02-05T11:44:11+00:00","description":"EPC favorisce lo sviluppo nelle relazioni commerciali fra aziende di diversi Paesi e ricerca partner commerciali per la distribuzione.","breadcrumb":{"@id":"http:\/\/www.euroteam.com.ro\/ricerca-partner\/#breadcrumb"},"inLanguage":"ro-RO","potentialAction":[{"@type":"ReadAction","target":["http:\/\/www.euroteam.com.ro\/ricerca-partner\/"]}]},{"@type":"ImageObject","inLanguage":"ro-RO","@id":"http:\/\/www.euroteam.com.ro\/ricerca-partner\/#primaryimage","url":"http:\/\/www.euroteam.com.ro\/wp-content\/uploads\/2016\/09\/phildate051000041.jpg","contentUrl":"http:\/\/www.euroteam.com.ro\/wp-content\/uploads\/2016\/09\/phildate051000041.jpg"},{"@type":"BreadcrumbList","@id":"http:\/\/www.euroteam.com.ro\/ricerca-partner\/#breadcrumb","itemListElement":[{"@type":"ListItem","position":1,"name":"Prima pagin\u0103","item":"https:\/\/www.euroteam.com.ro\/ro\/"},{"@type":"ListItem","position":2,"name":"Ricerca Partner"}]},{"@type":"WebSite","@id":"https:\/\/www.euroteam.com.ro\/ro\/#website","url":"https:\/\/www.euroteam.com.ro\/ro\/","name":"Euroteam Profesional Corporation","description":"","potentialAction":[{"@type":"SearchAction","target":{"@type":"EntryPoint","urlTemplate":"https:\/\/www.euroteam.com.ro\/ro\/?s={search_term_string}"},"query-input":{"@type":"PropertyValueSpecification","valueRequired":true,"valueName":"search_term_string"}}],"inLanguage":"ro-RO"}]}},"_links":{"self":[{"href":"http:\/\/www.euroteam.com.ro\/ro\/wp-json\/wp\/v2\/pages\/1954","targetHints":{"allow":["GET"]}}],"collection":[{"href":"http:\/\/www.euroteam.com.ro\/ro\/wp-json\/wp\/v2\/pages"}],"about":[{"href":"http:\/\/www.euroteam.com.ro\/ro\/wp-json\/wp\/v2\/types\/page"}],"author":[{"embeddable":true,"href":"http:\/\/www.euroteam.com.ro\/ro\/wp-json\/wp\/v2\/users\/1"}],"replies":[{"embeddable":true,"href":"http:\/\/www.euroteam.com.ro\/ro\/wp-json\/wp\/v2\/comments?post=1954"}],"version-history":[{"count":7,"href":"http:\/\/www.euroteam.com.ro\/ro\/wp-json\/wp\/v2\/pages\/1954\/revisions"}],"predecessor-version":[{"id":2161,"href":"http:\/\/www.euroteam.com.ro\/ro\/wp-json\/wp\/v2\/pages\/1954\/revisions\/2161"}],"wp:attachment":[{"href":"http:\/\/www.euroteam.com.ro\/ro\/wp-json\/wp\/v2\/media?parent=1954"}],"curies":[{"name":"wp","href":"https:\/\/api.w.org\/{rel}","templated":true}]}}