{"id":1959,"date":"2016-09-29T16:59:40","date_gmt":"2016-09-29T13:59:40","guid":{"rendered":"http:\/\/www.euroteam.com.ro\/?page_id=1959"},"modified":"2018-02-05T13:20:02","modified_gmt":"2018-02-05T10:20:02","slug":"opportunita-di-business","status":"publish","type":"page","link":"http:\/\/www.euroteam.com.ro\/ro\/opportunita-di-business\/","title":{"rendered":"Oportunitati de afaceri"},"content":{"rendered":"<p>[vc_row][vc_column]<!-- #TRX_GAP_START# --><div class=\"sc_section\"><div class=\"sc_content content_wrap\"><h5 class=\"sc_title sc_title_divider \"><span class=\"sc_title_divider_before\"><\/span>Oportunitati de afaceri<span class=\"sc_title_divider_after\"><\/span><\/h5>[vc_column_text]<img loading=\"lazy\" decoding=\"async\" class=\" wp-image-1962 alignleft\" src=\"http:\/\/www.euroteam.com.ro\/wp-content\/uploads\/2016\/09\/andresr060200379.jpg\" alt=\"andresr060200379\" width=\"235\" height=\"164\" srcset=\"http:\/\/www.euroteam.com.ro\/wp-content\/uploads\/2016\/09\/andresr060200379.jpg 168w, http:\/\/www.euroteam.com.ro\/wp-content\/uploads\/2016\/09\/andresr060200379-68x47.jpg 68w\" sizes=\"auto, (max-width: 235px) 100vw, 235px\" \/><\/p>\n<p>&nbsp;<\/p>\n<p>Studiul profesioanale <strong>EPC<\/strong> este specializat \u00een serviciile de explorare \u0219i analiz\u0103 a pie\u021bei locale, acord\u00e2nd o aten\u021bie deosebit\u0103 defini\u021biilor liniilor de dezvoltare socio-economic\u0103 ale \u021b\u0103rii de referin\u021b\u0103.<\/p>\n<p>Explorarea vizeaz\u0103 definirea dubl\u0103 a caracteristicilor pie\u021bei \u0219i a posibilit\u0103\u021bilor de rela\u021bionare, cu scopul de a c\u0103uta adev\u0103rate oportunit\u0103\u021bi de investi\u021bii \u0219i parteneriate.<\/p>\n<p><!--more--><\/p>\n<p><strong>EPC<\/strong> asist\u0103 companiile interesate s\u0103 profite de aceste oportunit\u0103\u021bi prin urm\u0103toarele ac\u021biuni:<\/p>\n<ul>\n<li>Identificarea oportunit\u0103\u021bilor de investi\u021bii pentru companiile italiene \u0219i \/ sau cercetarea pie\u021belor \u021bint\u0103 noi pentru ac\u021biunile de interna\u021bionalizare;<\/li>\n<li>Colecteaz\u0103 informa\u021bii despre sector \u0219i despre companii;<\/li>\n<li>Compara\u021bi \u0219i analiza\u021bi solicit\u0103rile companiilor italiene;<\/li>\n<li>Recomanda cele mai interesante sectoare \u0219i oportunit\u0103\u021bi de \u021bar\u0103;<\/li>\n<li>Monitorizeaz\u0103 permanent pia\u021ba \u0219i dezvoltarea social\u0103, identific\u00e2nd investi\u021bii alternative \u0219i \/ sau sectoare de activitate;<\/li>\n<li>C\u0103uta\u021bi oportunit\u0103\u021bi de cump\u0103rare a terenurilor agricole, de construc\u021bii \u0219i imobiliar;<\/li>\n<li>Analizeaz\u0103 obiectivele colabor\u0103rii dintre realit\u0103\u021bile locale \u0219i cele str\u0103ine;<\/li>\n<li>Compara\u021bi, cu ajutorul formelor \u0219i chestionarelor, c\u00e2mpurile \u0219i interesele reciproce.<\/li>\n<\/ul>\n<div id=\"balloon_parent_div_ab\" class=\"kisb\" style=\"visibility: hidden; position: absolute; left: 44px; top: 115px;\">\n<div class=\"kl_abmenu\">Ad\u0103ugare la Anti-banner<\/div>\n<\/div>\n<p>[\/vc_column_text]<\/div><\/div><!-- #TRX_GAP_END# -->[\/vc_column][\/vc_row][vc_row][vc_column][vc_column_text]<\/p>\n<div id=\"balloon_parent_div_ab\" class=\"kisb\" style=\"visibility: hidden; position: absolute; left: 114px; top: 81px;\">\n<div class=\"kl_abmenu\">Ad\u0103ugare la Anti-banner<\/div>\n<\/div>\n<p>[\/vc_column_text][\/vc_column][\/vc_row]<\/p>","protected":false},"excerpt":{"rendered":"<p>Din p\u0103cate acest articol este disponibil doar \u00een Italiano.<\/p>\n","protected":false},"author":1,"featured_media":0,"parent":0,"menu_order":0,"comment_status":"closed","ping_status":"closed","template":"","meta":{"footnotes":""},"class_list":["post-1959","page","type-page","status-publish","hentry"],"yoast_head":"<!-- This site is optimized with the Yoast SEO plugin v26.8 - https:\/\/yoast.com\/product\/yoast-seo-wordpress\/ -->\n<title>(Italiano) Opportunit\u00e0 di business - Euroteam Profesional Corporation<\/title>\n<meta name=\"description\" content=\"(Italiano) Opportunit\u00e0 di business lo studio Professioanale EPC \u00e8 specializzato nei servizi di esplorazione e analisi del mercato locale, con particolare attenzione alle definizioni delle linee di sviluppo socioeconomiche del paese di riferimento\" \/>\n<meta name=\"robots\" content=\"index, follow, max-snippet:-1, max-image-preview:large, max-video-preview:-1\" \/>\n<link rel=\"canonical\" href=\"https:\/\/www.euroteam.com.ro\/ro\/opportunita-di-business\/\" \/>\n<meta property=\"og:locale\" content=\"ro_RO\" \/>\n<meta property=\"og:type\" content=\"article\" \/>\n<meta property=\"og:title\" content=\"(Italiano) Opportunit\u00e0 di business - Euroteam Profesional Corporation\" \/>\n<meta property=\"og:description\" content=\"(Italiano) Opportunit\u00e0 di business lo studio Professioanale EPC \u00e8 specializzato nei servizi di esplorazione e analisi del mercato locale, con particolare attenzione alle definizioni delle linee di sviluppo socioeconomiche del paese di riferimento\" \/>\n<meta property=\"og:url\" content=\"https:\/\/www.euroteam.com.ro\/ro\/opportunita-di-business\/\" \/>\n<meta property=\"og:site_name\" content=\"Euroteam Profesional Corporation\" \/>\n<meta property=\"article:modified_time\" content=\"2018-02-05T10:20:02+00:00\" \/>\n<meta property=\"og:image\" content=\"http:\/\/www.euroteam.com.ro\/wp-content\/uploads\/2016\/09\/andresr060200379.jpg\" \/>\n<meta name=\"twitter:card\" content=\"summary_large_image\" \/>\n<meta name=\"twitter:label1\" content=\"Timp estimat pentru citire\" \/>\n\t<meta name=\"twitter:data1\" content=\"3 minute\" \/>\n<script type=\"application\/ld+json\" class=\"yoast-schema-graph\">{\"@context\":\"https:\/\/schema.org\",\"@graph\":[{\"@type\":\"WebPage\",\"@id\":\"https:\/\/www.euroteam.com.ro\/ro\/opportunita-di-business\/\",\"url\":\"https:\/\/www.euroteam.com.ro\/ro\/opportunita-di-business\/\",\"name\":\"(Italiano) Opportunit\u00e0 di business - Euroteam Profesional Corporation\",\"isPartOf\":{\"@id\":\"https:\/\/www.euroteam.com.ro\/ro\/#website\"},\"primaryImageOfPage\":{\"@id\":\"https:\/\/www.euroteam.com.ro\/ro\/opportunita-di-business\/#primaryimage\"},\"image\":{\"@id\":\"https:\/\/www.euroteam.com.ro\/ro\/opportunita-di-business\/#primaryimage\"},\"thumbnailUrl\":\"http:\/\/www.euroteam.com.ro\/wp-content\/uploads\/2016\/09\/andresr060200379.jpg\",\"datePublished\":\"2016-09-29T13:59:40+00:00\",\"dateModified\":\"2018-02-05T10:20:02+00:00\",\"description\":\"(Italiano) Opportunit\u00e0 di business lo studio Professioanale EPC \u00e8 specializzato nei servizi di esplorazione e analisi del mercato locale, con particolare attenzione alle definizioni delle linee di sviluppo socioeconomiche del paese di riferimento\",\"breadcrumb\":{\"@id\":\"https:\/\/www.euroteam.com.ro\/ro\/opportunita-di-business\/#breadcrumb\"},\"inLanguage\":\"ro-RO\",\"potentialAction\":[{\"@type\":\"ReadAction\",\"target\":[\"https:\/\/www.euroteam.com.ro\/ro\/opportunita-di-business\/\"]}]},{\"@type\":\"ImageObject\",\"inLanguage\":\"ro-RO\",\"@id\":\"https:\/\/www.euroteam.com.ro\/ro\/opportunita-di-business\/#primaryimage\",\"url\":\"http:\/\/www.euroteam.com.ro\/wp-content\/uploads\/2016\/09\/andresr060200379.jpg\",\"contentUrl\":\"http:\/\/www.euroteam.com.ro\/wp-content\/uploads\/2016\/09\/andresr060200379.jpg\"},{\"@type\":\"BreadcrumbList\",\"@id\":\"https:\/\/www.euroteam.com.ro\/ro\/opportunita-di-business\/#breadcrumb\",\"itemListElement\":[{\"@type\":\"ListItem\",\"position\":1,\"name\":\"Prima pagin\u0103\",\"item\":\"https:\/\/www.euroteam.com.ro\/ro\/\"},{\"@type\":\"ListItem\",\"position\":2,\"name\":\"Oportunitati de afaceri\"}]},{\"@type\":\"WebSite\",\"@id\":\"https:\/\/www.euroteam.com.ro\/ro\/#website\",\"url\":\"https:\/\/www.euroteam.com.ro\/ro\/\",\"name\":\"Euroteam Profesional Corporation\",\"description\":\"\",\"potentialAction\":[{\"@type\":\"SearchAction\",\"target\":{\"@type\":\"EntryPoint\",\"urlTemplate\":\"https:\/\/www.euroteam.com.ro\/ro\/?s={search_term_string}\"},\"query-input\":{\"@type\":\"PropertyValueSpecification\",\"valueRequired\":true,\"valueName\":\"search_term_string\"}}],\"inLanguage\":\"ro-RO\"}]}<\/script>\n<!-- \/ Yoast SEO plugin. -->","yoast_head_json":{"title":"(Italiano) Opportunit\u00e0 di business - Euroteam Profesional Corporation","description":"(Italiano) Opportunit\u00e0 di business lo studio Professioanale EPC \u00e8 specializzato nei servizi di esplorazione e analisi del mercato locale, con particolare attenzione alle definizioni delle linee di sviluppo socioeconomiche del paese di riferimento","robots":{"index":"index","follow":"follow","max-snippet":"max-snippet:-1","max-image-preview":"max-image-preview:large","max-video-preview":"max-video-preview:-1"},"canonical":"https:\/\/www.euroteam.com.ro\/ro\/opportunita-di-business\/","og_locale":"ro_RO","og_type":"article","og_title":"(Italiano) Opportunit\u00e0 di business - Euroteam Profesional Corporation","og_description":"(Italiano) Opportunit\u00e0 di business lo studio Professioanale EPC \u00e8 specializzato nei servizi di esplorazione e analisi del mercato locale, con particolare attenzione alle definizioni delle linee di sviluppo socioeconomiche del paese di riferimento","og_url":"https:\/\/www.euroteam.com.ro\/ro\/opportunita-di-business\/","og_site_name":"Euroteam Profesional Corporation","article_modified_time":"2018-02-05T10:20:02+00:00","og_image":[{"url":"http:\/\/www.euroteam.com.ro\/wp-content\/uploads\/2016\/09\/andresr060200379.jpg","type":"","width":"","height":""}],"twitter_card":"summary_large_image","twitter_misc":{"Timp estimat pentru citire":"3 minute"},"schema":{"@context":"https:\/\/schema.org","@graph":[{"@type":"WebPage","@id":"https:\/\/www.euroteam.com.ro\/ro\/opportunita-di-business\/","url":"https:\/\/www.euroteam.com.ro\/ro\/opportunita-di-business\/","name":"(Italiano) Opportunit\u00e0 di business - Euroteam Profesional Corporation","isPartOf":{"@id":"https:\/\/www.euroteam.com.ro\/ro\/#website"},"primaryImageOfPage":{"@id":"https:\/\/www.euroteam.com.ro\/ro\/opportunita-di-business\/#primaryimage"},"image":{"@id":"https:\/\/www.euroteam.com.ro\/ro\/opportunita-di-business\/#primaryimage"},"thumbnailUrl":"http:\/\/www.euroteam.com.ro\/wp-content\/uploads\/2016\/09\/andresr060200379.jpg","datePublished":"2016-09-29T13:59:40+00:00","dateModified":"2018-02-05T10:20:02+00:00","description":"(Italiano) Opportunit\u00e0 di business lo studio Professioanale EPC \u00e8 specializzato nei servizi di esplorazione e analisi del mercato locale, con particolare attenzione alle definizioni delle linee di sviluppo socioeconomiche del paese di riferimento","breadcrumb":{"@id":"https:\/\/www.euroteam.com.ro\/ro\/opportunita-di-business\/#breadcrumb"},"inLanguage":"ro-RO","potentialAction":[{"@type":"ReadAction","target":["https:\/\/www.euroteam.com.ro\/ro\/opportunita-di-business\/"]}]},{"@type":"ImageObject","inLanguage":"ro-RO","@id":"https:\/\/www.euroteam.com.ro\/ro\/opportunita-di-business\/#primaryimage","url":"http:\/\/www.euroteam.com.ro\/wp-content\/uploads\/2016\/09\/andresr060200379.jpg","contentUrl":"http:\/\/www.euroteam.com.ro\/wp-content\/uploads\/2016\/09\/andresr060200379.jpg"},{"@type":"BreadcrumbList","@id":"https:\/\/www.euroteam.com.ro\/ro\/opportunita-di-business\/#breadcrumb","itemListElement":[{"@type":"ListItem","position":1,"name":"Prima pagin\u0103","item":"https:\/\/www.euroteam.com.ro\/ro\/"},{"@type":"ListItem","position":2,"name":"Oportunitati de afaceri"}]},{"@type":"WebSite","@id":"https:\/\/www.euroteam.com.ro\/ro\/#website","url":"https:\/\/www.euroteam.com.ro\/ro\/","name":"Euroteam Profesional Corporation","description":"","potentialAction":[{"@type":"SearchAction","target":{"@type":"EntryPoint","urlTemplate":"https:\/\/www.euroteam.com.ro\/ro\/?s={search_term_string}"},"query-input":{"@type":"PropertyValueSpecification","valueRequired":true,"valueName":"search_term_string"}}],"inLanguage":"ro-RO"}]}},"_links":{"self":[{"href":"http:\/\/www.euroteam.com.ro\/ro\/wp-json\/wp\/v2\/pages\/1959","targetHints":{"allow":["GET"]}}],"collection":[{"href":"http:\/\/www.euroteam.com.ro\/ro\/wp-json\/wp\/v2\/pages"}],"about":[{"href":"http:\/\/www.euroteam.com.ro\/ro\/wp-json\/wp\/v2\/types\/page"}],"author":[{"embeddable":true,"href":"http:\/\/www.euroteam.com.ro\/ro\/wp-json\/wp\/v2\/users\/1"}],"replies":[{"embeddable":true,"href":"http:\/\/www.euroteam.com.ro\/ro\/wp-json\/wp\/v2\/comments?post=1959"}],"version-history":[{"count":8,"href":"http:\/\/www.euroteam.com.ro\/ro\/wp-json\/wp\/v2\/pages\/1959\/revisions"}],"predecessor-version":[{"id":2160,"href":"http:\/\/www.euroteam.com.ro\/ro\/wp-json\/wp\/v2\/pages\/1959\/revisions\/2160"}],"wp:attachment":[{"href":"http:\/\/www.euroteam.com.ro\/ro\/wp-json\/wp\/v2\/media?parent=1959"}],"curies":[{"name":"wp","href":"https:\/\/api.w.org\/{rel}","templated":true}]}}