{"id":1967,"date":"2016-09-29T17:39:42","date_gmt":"2016-09-29T14:39:42","guid":{"rendered":"http:\/\/www.euroteam.com.ro\/?page_id=1967"},"modified":"2018-02-05T15:01:07","modified_gmt":"2018-02-05T12:01:07","slug":"visite-aziendali","status":"publish","type":"page","link":"http:\/\/www.euroteam.com.ro\/ro\/visite-aziendali\/","title":{"rendered":"Facilitati de finantare"},"content":{"rendered":"<p>[vc_row][vc_column]<!-- #TRX_GAP_START# --><div class=\"sc_section\"><div class=\"sc_content content_wrap\"><h5 class=\"sc_title sc_title_divider \"><span class=\"sc_title_divider_before\"><\/span>Facilitati de finantare<span class=\"sc_title_divider_after\"><\/span><\/h5>[vc_column_text]<\/p>\n<p style=\"text-align: justify;\"><img loading=\"lazy\" decoding=\"async\" class=\"size-full wp-image-1968 alignleft\" src=\"http:\/\/www.euroteam.com.ro\/wp-content\/uploads\/2016\/09\/delegatiegermana2.jpg\" alt=\"delegatiegermana2\" width=\"200\" height=\"133\" srcset=\"http:\/\/www.euroteam.com.ro\/wp-content\/uploads\/2016\/09\/delegatiegermana2.jpg 200w, http:\/\/www.euroteam.com.ro\/wp-content\/uploads\/2016\/09\/delegatiegermana2-68x45.jpg 68w\" sizes=\"auto, (max-width: 200px) 100vw, 200px\" \/><br \/>\n<strong>EPC<\/strong> organizeaz\u0103 \u0219i gestioneaz\u0103 vizite \/ delega\u021bii, deplas\u0103ri individuale sau de grup, particip\u0103ri la conferin\u021be \u00een Italia, Rom\u00e2nia, Republica Moldova, Bulgaria \u0219i Ucraina \u00een favoarea companiilor \u0219i organismelor. Aceste ini\u021biative urm\u0103resc s\u0103 ofere companiilor participante o cunoa\u0219tere a pie\u021bei locale \u0219i a realit\u0103\u021bilor de afaceri, printr-un serviciu personalizat pe zone geografice \u0219i \/ sau pe sector de activitate, pe baza unei agende de \u00eent\u00e2lniri de afaceri \u0219i \u021bin\u00e2nd cont de specificul nevoilor companiilor participante.<br \/>\n<!--more--><\/p>\n<p>Prin misiunea de cercetare ex-ante a poten\u021bialilor parteneri locali (importatori, distribuitori, agen\u021bi, clien\u021bi finali, furnizori, produc\u0103tori locali, contractori), <strong>EPC<\/strong> ofer\u0103 \u00eentreprinderilor oportunit\u0103\u021bi de afaceri \u0219i, \u00een termeni opera\u021bionali:<\/p>\n<ul>\n<li>Organizarea \u0219i gestionarea vizitelor (site-uri \u0219i t\u00e2rguri ale companiei) \u0219i a misiunilor economice pentru compararea direct\u0103 a oportunit\u0103\u021bilor de colaborare;<\/li>\n<li>Prin \u00eentreaga re\u021bea <strong>EPC<\/strong>, asist\u0103 la \u00eendeplinirea misiunilor \u0219i consiliaz\u0103 toate posibilit\u0103\u021bile de colaborare;<\/li>\n<li>Ofer\u0103 servicii simultane \u0219i consecutive de traducere \u0219i interpretare pentru vizite la companii, \u00eent\u00e2lniri \u00een cadrul Congresului, \u00eent\u00e2lniri de afaceri, prezent\u0103ri \u0219i evenimente oficiale;<\/li>\n<li>Organizeaz\u0103, \u00een Rom\u00e2nia, ca \u0219i \u00een alte \u021b\u0103ri din Europa de Est, \u00eent\u00e2lniri cu companii, universit\u0103\u021bi, incubatoare sau centre de cercetare pentru a analiza \u00eempreun\u0103 cu clientul structura, ma\u0219inile, tehnologiile, activit\u0103\u021bile, procesele \u0219i produsele;<\/li>\n<li>Datorit\u0103 muncii de hostess calificat \u0219i lideri de turism, organizeaz\u0103 excursii de afaceri, individuale sau de grup, transport local \u0219i excursii ghidate \u00een Rom\u00e2nia pentru clien\u021bi;<\/li>\n<li>\u00cen timpul misiunilor, <strong>EPC<\/strong> poate organiza \u00eent\u00e2lniri cu institu\u021bii \u0219i asocia\u021bii italiene \u0219i locale, asocia\u021bii, patronate, firme de avocatur\u0103, agen\u021bii de dezvoltare \u0219i b\u0103nci;<\/li>\n<li>Din analiza site-urilor companiei, pe baza solicit\u0103rilor clien\u021bilor \u0219i pe baza unor posibile solu\u021bii inovative pentru companii, organizeaz\u0103 ini\u021biative specifice menite s\u0103 \u00eencurajeze \u00eent\u00e2lnirea dintre cererea \u0219i oferta de inovare \u0219i crearea de acorduri de transfer tehnologic.<\/li>\n<\/ul>\n<p>[\/vc_column_text]<\/div><\/div><!-- #TRX_GAP_END# -->[\/vc_column][\/vc_row]<\/p>","protected":false},"excerpt":{"rendered":"<p>Din p\u0103cate acest articol este disponibil doar \u00een Italiano.<\/p>\n","protected":false},"author":1,"featured_media":0,"parent":0,"menu_order":0,"comment_status":"closed","ping_status":"closed","template":"","meta":{"footnotes":""},"class_list":["post-1967","page","type-page","status-publish","hentry"],"yoast_head":"<!-- This site is optimized with the Yoast SEO plugin v26.8 - https:\/\/yoast.com\/product\/yoast-seo-wordpress\/ -->\n<title>Visite aziendali - Euroteam Profesional Corporation<\/title>\n<meta name=\"description\" content=\"Visite aziendali - EPC organizza e gestisce visite\/delegazioni, viaggi di affari individuali o di gruppo, partecipazioni congressuali.\" \/>\n<meta name=\"robots\" content=\"index, follow, max-snippet:-1, max-image-preview:large, max-video-preview:-1\" \/>\n<link rel=\"canonical\" href=\"http:\/\/www.euroteam.com.ro\/visite-aziendali\/\" \/>\n<meta property=\"og:locale\" content=\"ro_RO\" \/>\n<meta property=\"og:type\" content=\"article\" \/>\n<meta property=\"og:title\" content=\"Visite aziendali - Euroteam Profesional Corporation\" \/>\n<meta property=\"og:description\" content=\"Visite aziendali - EPC organizza e gestisce visite\/delegazioni, viaggi di affari individuali o di gruppo, partecipazioni congressuali.\" \/>\n<meta property=\"og:url\" content=\"http:\/\/www.euroteam.com.ro\/visite-aziendali\/\" \/>\n<meta property=\"og:site_name\" content=\"Euroteam Profesional Corporation\" \/>\n<meta property=\"article:modified_time\" content=\"2018-02-05T12:01:07+00:00\" \/>\n<meta property=\"og:image\" content=\"http:\/\/www.euroteam.com.ro\/wp-content\/uploads\/2016\/09\/delegatiegermana2.jpg\" \/>\n<meta name=\"twitter:card\" content=\"summary_large_image\" \/>\n<meta name=\"twitter:label1\" content=\"Timp estimat pentru citire\" \/>\n\t<meta name=\"twitter:data1\" content=\"5 minute\" \/>\n<script type=\"application\/ld+json\" class=\"yoast-schema-graph\">{\"@context\":\"https:\/\/schema.org\",\"@graph\":[{\"@type\":\"WebPage\",\"@id\":\"http:\/\/www.euroteam.com.ro\/visite-aziendali\/\",\"url\":\"http:\/\/www.euroteam.com.ro\/visite-aziendali\/\",\"name\":\"Visite aziendali - Euroteam Profesional Corporation\",\"isPartOf\":{\"@id\":\"https:\/\/www.euroteam.com.ro\/ro\/#website\"},\"primaryImageOfPage\":{\"@id\":\"http:\/\/www.euroteam.com.ro\/visite-aziendali\/#primaryimage\"},\"image\":{\"@id\":\"http:\/\/www.euroteam.com.ro\/visite-aziendali\/#primaryimage\"},\"thumbnailUrl\":\"http:\/\/www.euroteam.com.ro\/wp-content\/uploads\/2016\/09\/delegatiegermana2.jpg\",\"datePublished\":\"2016-09-29T14:39:42+00:00\",\"dateModified\":\"2018-02-05T12:01:07+00:00\",\"description\":\"Visite aziendali - EPC organizza e gestisce visite\/delegazioni, viaggi di affari individuali o di gruppo, partecipazioni congressuali.\",\"breadcrumb\":{\"@id\":\"http:\/\/www.euroteam.com.ro\/visite-aziendali\/#breadcrumb\"},\"inLanguage\":\"ro-RO\",\"potentialAction\":[{\"@type\":\"ReadAction\",\"target\":[\"http:\/\/www.euroteam.com.ro\/visite-aziendali\/\"]}]},{\"@type\":\"ImageObject\",\"inLanguage\":\"ro-RO\",\"@id\":\"http:\/\/www.euroteam.com.ro\/visite-aziendali\/#primaryimage\",\"url\":\"http:\/\/www.euroteam.com.ro\/wp-content\/uploads\/2016\/09\/delegatiegermana2.jpg\",\"contentUrl\":\"http:\/\/www.euroteam.com.ro\/wp-content\/uploads\/2016\/09\/delegatiegermana2.jpg\"},{\"@type\":\"BreadcrumbList\",\"@id\":\"http:\/\/www.euroteam.com.ro\/visite-aziendali\/#breadcrumb\",\"itemListElement\":[{\"@type\":\"ListItem\",\"position\":1,\"name\":\"Prima pagin\u0103\",\"item\":\"https:\/\/www.euroteam.com.ro\/ro\/\"},{\"@type\":\"ListItem\",\"position\":2,\"name\":\"Visite aziendali\"}]},{\"@type\":\"WebSite\",\"@id\":\"https:\/\/www.euroteam.com.ro\/ro\/#website\",\"url\":\"https:\/\/www.euroteam.com.ro\/ro\/\",\"name\":\"Euroteam Profesional Corporation\",\"description\":\"\",\"potentialAction\":[{\"@type\":\"SearchAction\",\"target\":{\"@type\":\"EntryPoint\",\"urlTemplate\":\"https:\/\/www.euroteam.com.ro\/ro\/?s={search_term_string}\"},\"query-input\":{\"@type\":\"PropertyValueSpecification\",\"valueRequired\":true,\"valueName\":\"search_term_string\"}}],\"inLanguage\":\"ro-RO\"}]}<\/script>\n<!-- \/ Yoast SEO plugin. -->","yoast_head_json":{"title":"Visite aziendali - Euroteam Profesional Corporation","description":"Visite aziendali - EPC organizza e gestisce visite\/delegazioni, viaggi di affari individuali o di gruppo, partecipazioni congressuali.","robots":{"index":"index","follow":"follow","max-snippet":"max-snippet:-1","max-image-preview":"max-image-preview:large","max-video-preview":"max-video-preview:-1"},"canonical":"http:\/\/www.euroteam.com.ro\/visite-aziendali\/","og_locale":"ro_RO","og_type":"article","og_title":"Visite aziendali - Euroteam Profesional Corporation","og_description":"Visite aziendali - EPC organizza e gestisce visite\/delegazioni, viaggi di affari individuali o di gruppo, partecipazioni congressuali.","og_url":"http:\/\/www.euroteam.com.ro\/visite-aziendali\/","og_site_name":"Euroteam Profesional Corporation","article_modified_time":"2018-02-05T12:01:07+00:00","og_image":[{"url":"http:\/\/www.euroteam.com.ro\/wp-content\/uploads\/2016\/09\/delegatiegermana2.jpg","type":"","width":"","height":""}],"twitter_card":"summary_large_image","twitter_misc":{"Timp estimat pentru citire":"5 minute"},"schema":{"@context":"https:\/\/schema.org","@graph":[{"@type":"WebPage","@id":"http:\/\/www.euroteam.com.ro\/visite-aziendali\/","url":"http:\/\/www.euroteam.com.ro\/visite-aziendali\/","name":"Visite aziendali - Euroteam Profesional Corporation","isPartOf":{"@id":"https:\/\/www.euroteam.com.ro\/ro\/#website"},"primaryImageOfPage":{"@id":"http:\/\/www.euroteam.com.ro\/visite-aziendali\/#primaryimage"},"image":{"@id":"http:\/\/www.euroteam.com.ro\/visite-aziendali\/#primaryimage"},"thumbnailUrl":"http:\/\/www.euroteam.com.ro\/wp-content\/uploads\/2016\/09\/delegatiegermana2.jpg","datePublished":"2016-09-29T14:39:42+00:00","dateModified":"2018-02-05T12:01:07+00:00","description":"Visite aziendali - EPC organizza e gestisce visite\/delegazioni, viaggi di affari individuali o di gruppo, partecipazioni congressuali.","breadcrumb":{"@id":"http:\/\/www.euroteam.com.ro\/visite-aziendali\/#breadcrumb"},"inLanguage":"ro-RO","potentialAction":[{"@type":"ReadAction","target":["http:\/\/www.euroteam.com.ro\/visite-aziendali\/"]}]},{"@type":"ImageObject","inLanguage":"ro-RO","@id":"http:\/\/www.euroteam.com.ro\/visite-aziendali\/#primaryimage","url":"http:\/\/www.euroteam.com.ro\/wp-content\/uploads\/2016\/09\/delegatiegermana2.jpg","contentUrl":"http:\/\/www.euroteam.com.ro\/wp-content\/uploads\/2016\/09\/delegatiegermana2.jpg"},{"@type":"BreadcrumbList","@id":"http:\/\/www.euroteam.com.ro\/visite-aziendali\/#breadcrumb","itemListElement":[{"@type":"ListItem","position":1,"name":"Prima pagin\u0103","item":"https:\/\/www.euroteam.com.ro\/ro\/"},{"@type":"ListItem","position":2,"name":"Visite aziendali"}]},{"@type":"WebSite","@id":"https:\/\/www.euroteam.com.ro\/ro\/#website","url":"https:\/\/www.euroteam.com.ro\/ro\/","name":"Euroteam Profesional Corporation","description":"","potentialAction":[{"@type":"SearchAction","target":{"@type":"EntryPoint","urlTemplate":"https:\/\/www.euroteam.com.ro\/ro\/?s={search_term_string}"},"query-input":{"@type":"PropertyValueSpecification","valueRequired":true,"valueName":"search_term_string"}}],"inLanguage":"ro-RO"}]}},"_links":{"self":[{"href":"http:\/\/www.euroteam.com.ro\/ro\/wp-json\/wp\/v2\/pages\/1967","targetHints":{"allow":["GET"]}}],"collection":[{"href":"http:\/\/www.euroteam.com.ro\/ro\/wp-json\/wp\/v2\/pages"}],"about":[{"href":"http:\/\/www.euroteam.com.ro\/ro\/wp-json\/wp\/v2\/types\/page"}],"author":[{"embeddable":true,"href":"http:\/\/www.euroteam.com.ro\/ro\/wp-json\/wp\/v2\/users\/1"}],"replies":[{"embeddable":true,"href":"http:\/\/www.euroteam.com.ro\/ro\/wp-json\/wp\/v2\/comments?post=1967"}],"version-history":[{"count":5,"href":"http:\/\/www.euroteam.com.ro\/ro\/wp-json\/wp\/v2\/pages\/1967\/revisions"}],"predecessor-version":[{"id":2165,"href":"http:\/\/www.euroteam.com.ro\/ro\/wp-json\/wp\/v2\/pages\/1967\/revisions\/2165"}],"wp:attachment":[{"href":"http:\/\/www.euroteam.com.ro\/ro\/wp-json\/wp\/v2\/media?parent=1967"}],"curies":[{"name":"wp","href":"https:\/\/api.w.org\/{rel}","templated":true}]}}