{"id":1971,"date":"2016-09-29T17:43:38","date_gmt":"2016-09-29T14:43:38","guid":{"rendered":"http:\/\/www.euroteam.com.ro\/?page_id=1971"},"modified":"2018-02-05T12:20:54","modified_gmt":"2018-02-05T09:20:54","slug":"assicurazioni","status":"publish","type":"page","link":"http:\/\/www.euroteam.com.ro\/ro\/assicurazioni\/","title":{"rendered":"Asigurari"},"content":{"rendered":"<p>[vc_row][vc_column]<!-- #TRX_GAP_START# --><div class=\"sc_section\"><div class=\"sc_content content_wrap\"><h5 class=\"sc_title sc_title_divider \"><span class=\"sc_title_divider_before\"><\/span>Asigurari<span class=\"sc_title_divider_after\"><\/span><\/h5>[vc_column_text]<img loading=\"lazy\" decoding=\"async\" class=\"size-full wp-image-1977 alignleft\" src=\"http:\/\/www.euroteam.com.ro\/wp-content\/uploads\/2016\/09\/assicurazione_crediti.jpg\" alt=\"assicurazione_crediti\" width=\"240\" height=\"160\" srcset=\"http:\/\/www.euroteam.com.ro\/wp-content\/uploads\/2016\/09\/assicurazione_crediti.jpg 240w, http:\/\/www.euroteam.com.ro\/wp-content\/uploads\/2016\/09\/assicurazione_crediti-68x45.jpg 68w\" sizes=\"auto, (max-width: 240px) 100vw, 240px\" \/><\/p>\n<p>Firma <strong>EPC<\/strong>\u00a0ofera o gam\u0103 larg\u0103 de servicii specializate companiilor de asigur\u0103ri \u0219i reasigur\u0103ri la nivel na\u021bional \u0219i interna\u021bional.<\/p>\n<p>Avoca\u021bii firmei ofer\u0103 avize juridice cu privire la posibilele responsabilit\u0103\u021bi \u0219i efectueaz\u0103 controale menite s\u0103 evite sau s\u0103 solu\u021bioneze litigiile \u00een cel mai scurt timp prin tranzac\u021bii sau alte dispute amiabile.<\/p>\n<p>&nbsp;<\/p>\n<p>Servicii Legale<\/p>\n<ul>\n<li>Asisten\u021b\u0103 cu documenta\u021bia \u00eemprumuturilor, asigur\u0103rilor \u0219i reasigur\u0103rilor;<\/li>\n<li>Elaborarea \u0219i revizuirea politicilor \u0219i programelor;<\/li>\n<li>Aspecte ale proiectelor complexe de asigurare a construc\u021biilor \u0219i infrastructurilor de transport;<\/li>\n<li>\u00cenfiin\u021barea \u0219i \u00eenregistrarea societ\u0103\u021bilor de asigurare \u0219i reasigurare;<\/li>\n<li>Asisten\u021b\u0103 \u00een opera\u021biunile transfrontaliere;<\/li>\n<li>Asigur\u0103ri \u0219i reasigur\u0103ri, litigii, arbitraj \u0219i solu\u021bii alternative la litigii;<\/li>\n<li>Toate aspectele legate de reasigurare, inclusiv asigurarea de via\u021b\u0103 \u0219i crean\u021bele.<\/li>\n<\/ul>\n<p>[\/vc_column_text]<\/div><\/div><!-- #TRX_GAP_END# -->[\/vc_column][\/vc_row]<\/p>","protected":false},"excerpt":{"rendered":"<p>[vc_row][vc_column][\/vc_column][\/vc_row]<\/p>\n","protected":false},"author":1,"featured_media":0,"parent":0,"menu_order":0,"comment_status":"closed","ping_status":"closed","template":"","meta":{"footnotes":""},"class_list":["post-1971","page","type-page","status-publish","hentry"],"yoast_head":"<!-- This site is optimized with the Yoast SEO plugin v26.8 - https:\/\/yoast.com\/product\/yoast-seo-wordpress\/ -->\n<title>(Italiano) Assicurazioni - Euroteam Profesional Corporation<\/title>\n<meta name=\"description\" content=\"(Italiano) Lo Studio EPC ha fornito una vasta gamma di servizi specialistici alle imprese di assicurazione e riassicurazione a livello nazionale e internazionale.\" \/>\n<meta name=\"robots\" content=\"index, follow, max-snippet:-1, max-image-preview:large, max-video-preview:-1\" \/>\n<link rel=\"canonical\" href=\"https:\/\/www.euroteam.com.ro\/en\/assicurazioni\/\" \/>\n<meta property=\"og:locale\" content=\"ro_RO\" \/>\n<meta property=\"og:type\" content=\"article\" \/>\n<meta property=\"og:title\" content=\"(Italiano) Assicurazioni - Euroteam Profesional Corporation\" \/>\n<meta property=\"og:description\" content=\"(Italiano) Lo Studio EPC ha fornito una vasta gamma di servizi specialistici alle imprese di assicurazione e riassicurazione a livello nazionale e internazionale.\" \/>\n<meta property=\"og:url\" content=\"https:\/\/www.euroteam.com.ro\/en\/assicurazioni\/\" \/>\n<meta property=\"og:site_name\" content=\"Euroteam Profesional Corporation\" \/>\n<meta property=\"article:modified_time\" content=\"2018-02-05T09:20:54+00:00\" \/>\n<meta property=\"og:image\" content=\"http:\/\/www.euroteam.com.ro\/wp-content\/uploads\/2016\/09\/assicurazione_crediti.jpg\" \/>\n<meta name=\"twitter:card\" content=\"summary_large_image\" \/>\n<meta name=\"twitter:label1\" content=\"Timp estimat pentru citire\" \/>\n\t<meta name=\"twitter:data1\" content=\"2 minute\" \/>\n<script type=\"application\/ld+json\" class=\"yoast-schema-graph\">{\"@context\":\"https:\/\/schema.org\",\"@graph\":[{\"@type\":\"WebPage\",\"@id\":\"https:\/\/www.euroteam.com.ro\/en\/assicurazioni\/\",\"url\":\"https:\/\/www.euroteam.com.ro\/en\/assicurazioni\/\",\"name\":\"(Italiano) Assicurazioni - Euroteam Profesional Corporation\",\"isPartOf\":{\"@id\":\"https:\/\/www.euroteam.com.ro\/ro\/#website\"},\"primaryImageOfPage\":{\"@id\":\"https:\/\/www.euroteam.com.ro\/en\/assicurazioni\/#primaryimage\"},\"image\":{\"@id\":\"https:\/\/www.euroteam.com.ro\/en\/assicurazioni\/#primaryimage\"},\"thumbnailUrl\":\"http:\/\/www.euroteam.com.ro\/wp-content\/uploads\/2016\/09\/assicurazione_crediti.jpg\",\"datePublished\":\"2016-09-29T14:43:38+00:00\",\"dateModified\":\"2018-02-05T09:20:54+00:00\",\"description\":\"(Italiano) Lo Studio EPC ha fornito una vasta gamma di servizi specialistici alle imprese di assicurazione e riassicurazione a livello nazionale e internazionale.\",\"breadcrumb\":{\"@id\":\"https:\/\/www.euroteam.com.ro\/en\/assicurazioni\/#breadcrumb\"},\"inLanguage\":\"ro-RO\",\"potentialAction\":[{\"@type\":\"ReadAction\",\"target\":[\"https:\/\/www.euroteam.com.ro\/en\/assicurazioni\/\"]}]},{\"@type\":\"ImageObject\",\"inLanguage\":\"ro-RO\",\"@id\":\"https:\/\/www.euroteam.com.ro\/en\/assicurazioni\/#primaryimage\",\"url\":\"http:\/\/www.euroteam.com.ro\/wp-content\/uploads\/2016\/09\/assicurazione_crediti.jpg\",\"contentUrl\":\"http:\/\/www.euroteam.com.ro\/wp-content\/uploads\/2016\/09\/assicurazione_crediti.jpg\"},{\"@type\":\"BreadcrumbList\",\"@id\":\"https:\/\/www.euroteam.com.ro\/en\/assicurazioni\/#breadcrumb\",\"itemListElement\":[{\"@type\":\"ListItem\",\"position\":1,\"name\":\"Prima pagin\u0103\",\"item\":\"https:\/\/www.euroteam.com.ro\/ro\/\"},{\"@type\":\"ListItem\",\"position\":2,\"name\":\"Insurances\"}]},{\"@type\":\"WebSite\",\"@id\":\"https:\/\/www.euroteam.com.ro\/ro\/#website\",\"url\":\"https:\/\/www.euroteam.com.ro\/ro\/\",\"name\":\"Euroteam Profesional Corporation\",\"description\":\"\",\"potentialAction\":[{\"@type\":\"SearchAction\",\"target\":{\"@type\":\"EntryPoint\",\"urlTemplate\":\"https:\/\/www.euroteam.com.ro\/ro\/?s={search_term_string}\"},\"query-input\":{\"@type\":\"PropertyValueSpecification\",\"valueRequired\":true,\"valueName\":\"search_term_string\"}}],\"inLanguage\":\"ro-RO\"}]}<\/script>\n<!-- \/ Yoast SEO plugin. -->","yoast_head_json":{"title":"(Italiano) Assicurazioni - Euroteam Profesional Corporation","description":"(Italiano) Lo Studio EPC ha fornito una vasta gamma di servizi specialistici alle imprese di assicurazione e riassicurazione a livello nazionale e internazionale.","robots":{"index":"index","follow":"follow","max-snippet":"max-snippet:-1","max-image-preview":"max-image-preview:large","max-video-preview":"max-video-preview:-1"},"canonical":"https:\/\/www.euroteam.com.ro\/en\/assicurazioni\/","og_locale":"ro_RO","og_type":"article","og_title":"(Italiano) Assicurazioni - Euroteam Profesional Corporation","og_description":"(Italiano) Lo Studio EPC ha fornito una vasta gamma di servizi specialistici alle imprese di assicurazione e riassicurazione a livello nazionale e internazionale.","og_url":"https:\/\/www.euroteam.com.ro\/en\/assicurazioni\/","og_site_name":"Euroteam Profesional Corporation","article_modified_time":"2018-02-05T09:20:54+00:00","og_image":[{"url":"http:\/\/www.euroteam.com.ro\/wp-content\/uploads\/2016\/09\/assicurazione_crediti.jpg","type":"","width":"","height":""}],"twitter_card":"summary_large_image","twitter_misc":{"Timp estimat pentru citire":"2 minute"},"schema":{"@context":"https:\/\/schema.org","@graph":[{"@type":"WebPage","@id":"https:\/\/www.euroteam.com.ro\/en\/assicurazioni\/","url":"https:\/\/www.euroteam.com.ro\/en\/assicurazioni\/","name":"(Italiano) Assicurazioni - Euroteam Profesional Corporation","isPartOf":{"@id":"https:\/\/www.euroteam.com.ro\/ro\/#website"},"primaryImageOfPage":{"@id":"https:\/\/www.euroteam.com.ro\/en\/assicurazioni\/#primaryimage"},"image":{"@id":"https:\/\/www.euroteam.com.ro\/en\/assicurazioni\/#primaryimage"},"thumbnailUrl":"http:\/\/www.euroteam.com.ro\/wp-content\/uploads\/2016\/09\/assicurazione_crediti.jpg","datePublished":"2016-09-29T14:43:38+00:00","dateModified":"2018-02-05T09:20:54+00:00","description":"(Italiano) Lo Studio EPC ha fornito una vasta gamma di servizi specialistici alle imprese di assicurazione e riassicurazione a livello nazionale e internazionale.","breadcrumb":{"@id":"https:\/\/www.euroteam.com.ro\/en\/assicurazioni\/#breadcrumb"},"inLanguage":"ro-RO","potentialAction":[{"@type":"ReadAction","target":["https:\/\/www.euroteam.com.ro\/en\/assicurazioni\/"]}]},{"@type":"ImageObject","inLanguage":"ro-RO","@id":"https:\/\/www.euroteam.com.ro\/en\/assicurazioni\/#primaryimage","url":"http:\/\/www.euroteam.com.ro\/wp-content\/uploads\/2016\/09\/assicurazione_crediti.jpg","contentUrl":"http:\/\/www.euroteam.com.ro\/wp-content\/uploads\/2016\/09\/assicurazione_crediti.jpg"},{"@type":"BreadcrumbList","@id":"https:\/\/www.euroteam.com.ro\/en\/assicurazioni\/#breadcrumb","itemListElement":[{"@type":"ListItem","position":1,"name":"Prima pagin\u0103","item":"https:\/\/www.euroteam.com.ro\/ro\/"},{"@type":"ListItem","position":2,"name":"Insurances"}]},{"@type":"WebSite","@id":"https:\/\/www.euroteam.com.ro\/ro\/#website","url":"https:\/\/www.euroteam.com.ro\/ro\/","name":"Euroteam Profesional Corporation","description":"","potentialAction":[{"@type":"SearchAction","target":{"@type":"EntryPoint","urlTemplate":"https:\/\/www.euroteam.com.ro\/ro\/?s={search_term_string}"},"query-input":{"@type":"PropertyValueSpecification","valueRequired":true,"valueName":"search_term_string"}}],"inLanguage":"ro-RO"}]}},"_links":{"self":[{"href":"http:\/\/www.euroteam.com.ro\/ro\/wp-json\/wp\/v2\/pages\/1971","targetHints":{"allow":["GET"]}}],"collection":[{"href":"http:\/\/www.euroteam.com.ro\/ro\/wp-json\/wp\/v2\/pages"}],"about":[{"href":"http:\/\/www.euroteam.com.ro\/ro\/wp-json\/wp\/v2\/types\/page"}],"author":[{"embeddable":true,"href":"http:\/\/www.euroteam.com.ro\/ro\/wp-json\/wp\/v2\/users\/1"}],"replies":[{"embeddable":true,"href":"http:\/\/www.euroteam.com.ro\/ro\/wp-json\/wp\/v2\/comments?post=1971"}],"version-history":[{"count":7,"href":"http:\/\/www.euroteam.com.ro\/ro\/wp-json\/wp\/v2\/pages\/1971\/revisions"}],"predecessor-version":[{"id":2155,"href":"http:\/\/www.euroteam.com.ro\/ro\/wp-json\/wp\/v2\/pages\/1971\/revisions\/2155"}],"wp:attachment":[{"href":"http:\/\/www.euroteam.com.ro\/ro\/wp-json\/wp\/v2\/media?parent=1971"}],"curies":[{"name":"wp","href":"https:\/\/api.w.org\/{rel}","templated":true}]}}